{"id":13796,"date":"2025-07-16T14:40:47","date_gmt":"2025-07-16T06:40:47","guid":{"rendered":"https:\/\/k-level.com\/?post_type=product&#038;p=13796"},"modified":"2025-07-16T14:43:26","modified_gmt":"2025-07-16T06:43:26","slug":"rlb01a-rotationslaserhalterung","status":"publish","type":"product","link":"https:\/\/k-level.com\/de\/produkt\/rlb01a-rotationslaserhalterung\/","title":{"rendered":"RLB01A Rotationslaserhalterung"},"content":{"rendered":"<p><strong>RLB01A Rotationslaserhalterung \u00dcbersicht<\/strong><\/p>\n<p>Eines unserer herausragenden Produkte im Bereich Laserzubeh\u00f6r ist die Rotationslaserhalterung RLB01A, die speziell f\u00fcr alle entwickelt wurde, die bei jedem Auftrag Pr\u00e4zision und Haltbarkeit verlangen. Als Teil unserer Ultimate Wall Bracket-Serie ist die <a href=\"https:\/\/k-level.com\/de\/uber-uns\/\">RLB01A Rotationslaserhalterung<\/a> bietet ein robustes Ganzmetalldesign, das dauerhafte Leistung in rauen Arbeitsumgebungen gew\u00e4hrleistet.<\/p>\n<p>Der <a href=\"https:\/\/k-level.com\/de\/uber-uns\/\">RLB01A Rotationslaserhalterung<\/a> wurde entwickelt, um Rotationslasern im Innen- und Au\u00dfenbereich eine hervorragende Stabilit\u00e4t bei der Wandmontage zu bieten. Dank der pr\u00e4zisen Mikroeinstellung l\u00e4sst sich die Ausrichtung der vertikalen Ebene m\u00fchelos feinjustieren. Dies macht es besonders n\u00fctzlich f\u00fcr die Ausrichtung von Lasernivellieren bei Deckeninstallationen, Wandtrennw\u00e4nden und anderen hochpr\u00e4zisen Aufgaben.<\/p>\n<p><img fetchpriority=\"high\" decoding=\"async\" class=\"size-medium wp-image-13801 aligncenter\" src=\"https:\/\/k-level.com\/wp-content\/uploads\/2025\/07\/RLB01A5-300x300.jpg\" alt=\"RLB01A Rotationslaserhalterung\" width=\"300\" height=\"300\" srcset=\"https:\/\/k-level.com\/wp-content\/uploads\/2025\/07\/RLB01A5-300x300.jpg 300w, https:\/\/k-level.com\/wp-content\/uploads\/2025\/07\/RLB01A5-150x150.jpg 150w, https:\/\/k-level.com\/wp-content\/uploads\/2025\/07\/RLB01A5-768x768.jpg 768w, https:\/\/k-level.com\/wp-content\/uploads\/2025\/07\/RLB01A5-12x12.jpg 12w, https:\/\/k-level.com\/wp-content\/uploads\/2025\/07\/RLB01A5-370x370.jpg 370w, https:\/\/k-level.com\/wp-content\/uploads\/2025\/07\/RLB01A5-400x400.jpg 400w, https:\/\/k-level.com\/wp-content\/uploads\/2025\/07\/RLB01A5-100x100.jpg 100w, https:\/\/k-level.com\/wp-content\/uploads\/2025\/07\/RLB01A5-50x50.jpg 50w, https:\/\/k-level.com\/wp-content\/uploads\/2025\/07\/RLB01A5.jpg 800w\" sizes=\"(max-width: 300px) 100vw, 300px\" \/><\/p>\n<p>Als Teil der Ultimate Wall Bracket-Reihe ist die RLB01A mit den meisten g\u00e4ngigen Rotationslasern kompatibel. Die robuste Metallkonstruktion der Halterung ist verschlei\u00dffest und widerstandsf\u00e4hig und somit eine langfristige Investition f\u00fcr Bauprofis und Bauunternehmer. Das intuitive Design mit einfachen Montage- und Verriegelungsmechanismen reduziert die Einrichtungszeit und erh\u00f6ht die Effizienz vor Ort.<\/p>\n<p>Ben\u00f6tigen Sie eine L\u00f6sung?<\/p>\n<p><a href=\"https:\/\/k-level.com\/de\/\">K-Stufe<\/a>\u00a0bietet Beratungsdienste f\u00fcr Vermessungsger\u00e4te an. Kontaktieren Sie uns f\u00fcr Gro\u00dfbestellungen oder technischen Support!<\/p>","protected":false},"excerpt":{"rendered":"<ul>\n<li>W\u00e4hlen Sie die Rotationslaserhalterung RLB01A und erleben Sie<\/li>\n<li>Professioneller Support, dem Experten auf der ganzen Welt vertrauen.<\/li>\n<\/ul>\n<p><img decoding=\"async\" class=\"alignnone size-medium wp-image-13646\" src=\"https:\/\/k-level.com\/wp-content\/uploads\/2025\/05\/logo-300x98.png\" alt=\"\" width=\"300\" height=\"98\" srcset=\"https:\/\/k-level.com\/wp-content\/uploads\/2025\/05\/logo-300x98.png 300w, https:\/\/k-level.com\/wp-content\/uploads\/2025\/05\/logo-18x6.png 18w, https:\/\/k-level.com\/wp-content\/uploads\/2025\/05\/logo.png 307w\" sizes=\"(max-width: 300px) 100vw, 300px\" \/><\/p>","protected":false},"featured_media":13797,"comment_status":"open","ping_status":"closed","template":"","meta":[],"product_brand":[],"product_cat":[261],"product_tag":[238],"class_list":{"0":"post-13796","1":"product","2":"type-product","3":"status-publish","4":"has-post-thumbnail","6":"product_cat-rotary-laser-bracket","7":"product_tag-carpentry-and-furniture","9":"first","10":"instock","11":"shipping-taxable","12":"product-type-simple"},"_links":{"self":[{"href":"https:\/\/k-level.com\/de\/wp-json\/wp\/v2\/product\/13796","targetHints":{"allow":["GET"]}}],"collection":[{"href":"https:\/\/k-level.com\/de\/wp-json\/wp\/v2\/product"}],"about":[{"href":"https:\/\/k-level.com\/de\/wp-json\/wp\/v2\/types\/product"}],"replies":[{"embeddable":true,"href":"https:\/\/k-level.com\/de\/wp-json\/wp\/v2\/comments?post=13796"}],"version-history":[{"count":3,"href":"https:\/\/k-level.com\/de\/wp-json\/wp\/v2\/product\/13796\/revisions"}],"predecessor-version":[{"id":13804,"href":"https:\/\/k-level.com\/de\/wp-json\/wp\/v2\/product\/13796\/revisions\/13804"}],"wp:featuredmedia":[{"embeddable":true,"href":"https:\/\/k-level.com\/de\/wp-json\/wp\/v2\/media\/13797"}],"wp:attachment":[{"href":"https:\/\/k-level.com\/de\/wp-json\/wp\/v2\/media?parent=13796"}],"wp:term":[{"taxonomy":"product_brand","embeddable":true,"href":"https:\/\/k-level.com\/de\/wp-json\/wp\/v2\/product_brand?post=13796"},{"taxonomy":"product_cat","embeddable":true,"href":"https:\/\/k-level.com\/de\/wp-json\/wp\/v2\/product_cat?post=13796"},{"taxonomy":"product_tag","embeddable":true,"href":"https:\/\/k-level.com\/de\/wp-json\/wp\/v2\/product_tag?post=13796"}],"curies":[{"name":"wp","href":"https:\/\/api.w.org\/{rel}","templated":true}]}}