{"id":13604,"date":"2025-07-01T15:49:48","date_gmt":"2025-07-01T07:49:48","guid":{"rendered":"https:\/\/k-level.com\/?post_type=product&#038;p=13604"},"modified":"2025-07-15T17:34:36","modified_gmt":"2025-07-15T09:34:36","slug":"llb25a-25ab-linienlaserhalterung","status":"publish","type":"product","link":"https:\/\/k-level.com\/de\/produkt\/llb25a-25ab-linienlaserhalterung\/","title":{"rendered":"LLB25A\/25AB Linienlaserhalterung"},"content":{"rendered":"<p>Die Linienlaserhalterung LLB25A\/25AB ist eine innovative L-f\u00f6rmige Magnethalterung, die sich um 360\u00b0 drehen l\u00e4sst und flexible Installationsm\u00f6glichkeiten bietet. Egal ob an der Wand oder an der Decke, sie kommt problemlos damit zurecht und bietet Ihnen gro\u00dfen Komfort.<\/p>\n<p>Der <a href=\"https:\/\/k-level.com\/de\/geschaft\/\">Multifunktionale Magnethalterung LLB25A\/25AB<\/a> kombiniert au\u00dfergew\u00f6hnliche Magnetst\u00e4rke mit beispielloser Anpassungsf\u00e4higkeit. Mit einer starken Haltekraft von 25 kg\/cm\u00b2 l\u00e4sst sich diese multifunktionale Magnethalterung sicher an jeder eisenhaltigen Oberfl\u00e4che befestigen und bietet gleichzeitig zahlreiche Konfigurationsm\u00f6glichkeiten.<\/p>\n<p>Der LLB25A\/25AB <a href=\"https:\/\/k-level.com\/de\/geschaft\/\">Multifunktionale Magnethalterung<\/a> besteht aus einer Aluminiumlegierung in Milit\u00e4rqualit\u00e4t mit fortschrittlicher Korrosionsschutzbeschichtung und gew\u00e4hrleistet so Langlebigkeit unter rauen Baustellenbedingungen. Seine universelle Kompatibilit\u00e4t mit allen g\u00e4ngigen Lasernivelliermarken macht ihn zur perfekten Wahl f\u00fcr Bauunternehmer, Vermesser und Industrietechniker, die professionelle Leistung verlangen.<\/p>\n<p><img fetchpriority=\"high\" decoding=\"async\" class=\"aligncenter wp-image-13608 size-medium\" src=\"https:\/\/k-level.com\/wp-content\/uploads\/2025\/07\/04-1-300x300.jpg\" alt=\"Multifunktionale Magnethalterung\" width=\"300\" height=\"300\" srcset=\"https:\/\/k-level.com\/wp-content\/uploads\/2025\/07\/04-1-300x300.jpg 300w, https:\/\/k-level.com\/wp-content\/uploads\/2025\/07\/04-1-150x150.jpg 150w, https:\/\/k-level.com\/wp-content\/uploads\/2025\/07\/04-1-768x768.jpg 768w, https:\/\/k-level.com\/wp-content\/uploads\/2025\/07\/04-1-12x12.jpg 12w, https:\/\/k-level.com\/wp-content\/uploads\/2025\/07\/04-1-370x370.jpg 370w, https:\/\/k-level.com\/wp-content\/uploads\/2025\/07\/04-1-400x400.jpg 400w, https:\/\/k-level.com\/wp-content\/uploads\/2025\/07\/04-1-100x100.jpg 100w, https:\/\/k-level.com\/wp-content\/uploads\/2025\/07\/04-1-50x50.jpg 50w, https:\/\/k-level.com\/wp-content\/uploads\/2025\/07\/04-1.jpg 800w\" sizes=\"(max-width: 300px) 100vw, 300px\" \/><\/p>\n<p>Die LLB25-Linienlaserhalterung verf\u00fcgt \u00fcber vier Feineinstellungskn\u00f6pfe, mit denen der Laser in alle Richtungen pr\u00e4zise eingestellt werden kann. Der H\u00f6henverstellbereich betr\u00e4gt bis zu 9,5 cm. Die magnetische Laser-Nivellierhalterung erm\u00f6glicht eine schnelle und bedarfsgerechte Einstellung der Arbeitsh\u00f6he, was die Arbeitseffizienz deutlich steigert.<\/p>\n<p>LLB25 Linienlaserhalterung hat zwei verschiedene Modelle, n\u00e4mlich <a href=\"https:\/\/k-level.com\/de\/geschaft\/\">LLB25A Linienlaserhalterung<\/a> und LLB25AB-Linienlaserhalterung. Die LLB25AB-Linienlaserhalterung hat eine Halterung auf der R\u00fcckseite.<\/p>\n<p>Ben\u00f6tigen Sie eine L\u00f6sung?<br \/>\nK-level bietet Beratungsleistungen f\u00fcr Vermessungsger\u00e4te an. Kontaktieren Sie uns f\u00fcr Gro\u00dfbestellungen oder technischen Support!<\/p>","protected":false},"excerpt":{"rendered":"<ul>\n<li>Die Linienlaserhalterung LLB25A\/25AB f\u00fcr Messarbeiten mit professionellem Design und Vielseitigkeit.<\/li>\n<li>Diese magnetische Halterung f\u00fcr Laser-Nivellierger\u00e4te bietet stabilen Halt<\/li>\n<li>Pr\u00e4zise Anpassung, damit Sie verschiedene Aufgaben reibungslos erledigen k\u00f6nnen.<\/li>\n<\/ul>\n<p><img decoding=\"async\" class=\"alignnone size-medium wp-image-13646\" src=\"https:\/\/k-level.com\/wp-content\/uploads\/2025\/05\/logo-300x98.png\" alt=\"\" width=\"300\" height=\"98\" srcset=\"https:\/\/k-level.com\/wp-content\/uploads\/2025\/05\/logo-300x98.png 300w, https:\/\/k-level.com\/wp-content\/uploads\/2025\/05\/logo-18x6.png 18w, https:\/\/k-level.com\/wp-content\/uploads\/2025\/05\/logo.png 307w\" sizes=\"(max-width: 300px) 100vw, 300px\" \/><\/p>\n<p>&nbsp;<\/p>\n<p>&nbsp;<\/p>","protected":false},"featured_media":13606,"comment_status":"open","ping_status":"closed","template":"","meta":[],"product_brand":[],"product_cat":[260],"product_tag":[238],"class_list":{"0":"post-13604","1":"product","2":"type-product","3":"status-publish","4":"has-post-thumbnail","6":"product_cat-line-laser-bracket","7":"product_tag-carpentry-and-furniture","9":"first","10":"instock","11":"shipping-taxable","12":"product-type-simple"},"_links":{"self":[{"href":"https:\/\/k-level.com\/de\/wp-json\/wp\/v2\/product\/13604","targetHints":{"allow":["GET"]}}],"collection":[{"href":"https:\/\/k-level.com\/de\/wp-json\/wp\/v2\/product"}],"about":[{"href":"https:\/\/k-level.com\/de\/wp-json\/wp\/v2\/types\/product"}],"replies":[{"embeddable":true,"href":"https:\/\/k-level.com\/de\/wp-json\/wp\/v2\/comments?post=13604"}],"version-history":[{"count":3,"href":"https:\/\/k-level.com\/de\/wp-json\/wp\/v2\/product\/13604\/revisions"}],"predecessor-version":[{"id":13793,"href":"https:\/\/k-level.com\/de\/wp-json\/wp\/v2\/product\/13604\/revisions\/13793"}],"wp:featuredmedia":[{"embeddable":true,"href":"https:\/\/k-level.com\/de\/wp-json\/wp\/v2\/media\/13606"}],"wp:attachment":[{"href":"https:\/\/k-level.com\/de\/wp-json\/wp\/v2\/media?parent=13604"}],"wp:term":[{"taxonomy":"product_brand","embeddable":true,"href":"https:\/\/k-level.com\/de\/wp-json\/wp\/v2\/product_brand?post=13604"},{"taxonomy":"product_cat","embeddable":true,"href":"https:\/\/k-level.com\/de\/wp-json\/wp\/v2\/product_cat?post=13604"},{"taxonomy":"product_tag","embeddable":true,"href":"https:\/\/k-level.com\/de\/wp-json\/wp\/v2\/product_tag?post=13604"}],"curies":[{"name":"wp","href":"https:\/\/api.w.org\/{rel}","templated":true}]}}