{"id":13597,"date":"2025-07-01T14:55:06","date_gmt":"2025-07-01T06:55:06","guid":{"rendered":"https:\/\/k-level.com\/?post_type=product&#038;p=13597"},"modified":"2025-07-15T17:28:17","modified_gmt":"2025-07-15T09:28:17","slug":"llb24a-24ab-linienlaserhalterung","status":"publish","type":"product","link":"https:\/\/k-level.com\/de\/produkt\/llb24a-24ab-linienlaserhalterung\/","title":{"rendered":"LLB24A\/24AB Linienlaserhalterung"},"content":{"rendered":"<p>Die Linienlaserhalterung LLB24A\/24AB ist das perfekte Zubeh\u00f6r f\u00fcr alle Lasernivellierger\u00e4te. Die 1\/4-Zoll-Gewindeschnittstelle ist mit allen Marken von Laserger\u00e4ten kompatibel und eignet sich f\u00fcr jede Baustelle. Sie gew\u00e4hrleistet stabile und genaue Messungen. Ob auf der Baustelle oder bei der Renovierung \u2013 diese Halterung bietet hervorragenden Halt.<\/p>\n<p>Diese Linienlaserhalterung LLB24A\/24AB verf\u00fcgt \u00fcber starke Magnete und kann einfach an Metallrahmen befestigt werden.<\/p>\n<p>Die Wandhalterung f\u00fcr multidirektionale Laser-Nivellierger\u00e4te ist ein Hauptmerkmal des<a href=\"https:\/\/k-level.com\/de\/geschaft\/\"> LLB24A\/24AB-Halterung<\/a>Das einzigartige Design erm\u00f6glicht eine einfache Installation an verschiedenen Wandoberfl\u00e4chen und bietet eine stabile Plattform f\u00fcr Ihre Laserwasserwaage. Durch die sichere Befestigung Ihres Lasers sorgt die Halterung f\u00fcr pr\u00e4zise und konsistente Messungen und reduziert so das Fehlerrisiko bei jedem Projekt. Ob auf Baustellen, bei Renovierungen oder k\u00fcnstlerischen Installationen \u2013 diese Wandhalterung vereinfacht Ihre Arbeitsabl\u00e4ufe.<\/p>\n<p>Einer der herausragenden Vorteile des LLB24A\/24AB ist seine Multidirektionalit\u00e4t. Die <a href=\"https:\/\/k-level.com\/de\/geschaft\/\">Wandhalterung f\u00fcr multidirektionale Laser-Wasserwaagen<\/a> erm\u00f6glicht es Benutzern, Laserlinien in mehreren Ausrichtungen zu projizieren, was es unglaublich vielseitig macht. Diese Funktion ist ideal f\u00fcr Aufgaben, die eine pr\u00e4zise Ausrichtung erfordern, wie z. B. das Aufh\u00e4ngen von Regalen, das Ausrichten von Fliesen oder das Nivellieren von Schr\u00e4nken.<\/p>\n<p><img fetchpriority=\"high\" decoding=\"async\" class=\"aligncenter wp-image-13600 size-medium\" src=\"https:\/\/k-level.com\/wp-content\/uploads\/2025\/07\/06-300x300.jpg\" alt=\"Wandhalterung f\u00fcr multidirektionale Laser-Wasserwaagen\" width=\"300\" height=\"300\" srcset=\"https:\/\/k-level.com\/wp-content\/uploads\/2025\/07\/06-300x300.jpg 300w, https:\/\/k-level.com\/wp-content\/uploads\/2025\/07\/06-150x150.jpg 150w, https:\/\/k-level.com\/wp-content\/uploads\/2025\/07\/06-768x768.jpg 768w, https:\/\/k-level.com\/wp-content\/uploads\/2025\/07\/06-12x12.jpg 12w, https:\/\/k-level.com\/wp-content\/uploads\/2025\/07\/06-370x370.jpg 370w, https:\/\/k-level.com\/wp-content\/uploads\/2025\/07\/06-400x400.jpg 400w, https:\/\/k-level.com\/wp-content\/uploads\/2025\/07\/06-100x100.jpg 100w, https:\/\/k-level.com\/wp-content\/uploads\/2025\/07\/06-50x50.jpg 50w, https:\/\/k-level.com\/wp-content\/uploads\/2025\/07\/06.jpg 800w\" sizes=\"(max-width: 300px) 100vw, 300px\" \/><br \/>\nDie Linienlaserhalterung LLB24A\/24AB kann auch durch das obere Loch an Trockenbauw\u00e4nden befestigt oder mit einer professionellen Teleskopstange verwendet werden. Das Feineinstellungssystem f\u00fcr die H\u00f6henverstellung erm\u00f6glicht Ihnen eine schnelle und pr\u00e4zise Ausrichtung der Laserlinie und verbessert die Arbeitseffizienz.<\/p>\n<p>Es gibt zwei verschiedene Modelle der LLB24-Linienlaserhalterung, n\u00e4mlich die LLB24A-Linienlaserhalterung und die LLB24AB-Linienlaserhalterung. Die LLB24AB-Linienlaserhalterung hat eine Halterung auf der R\u00fcckseite.<\/p>\n<p>Ben\u00f6tigen Sie eine L\u00f6sung?<br \/>\nK-level bietet Beratungsleistungen f\u00fcr Vermessungsger\u00e4te an. Kontaktieren Sie uns f\u00fcr Gro\u00dfbestellungen oder technischen Support!<\/p>","protected":false},"excerpt":{"rendered":"<ul>\n<li>Die Linienlaserhalterung LLB24A\/24AB ist eine ideale Wahl f\u00fcr Messungen<\/li>\n<li>Konstruktion mit leistungsstarken Funktionen und praktischem Design.<\/li>\n<li>Egal, ob Sie nach einem pr\u00e4zisen Laserausrichtungswerkzeug suchen oder eine tragbare Halterung ben\u00f6tigen.<\/li>\n<\/ul>\n<p><img decoding=\"async\" class=\"alignnone size-medium wp-image-13646\" src=\"https:\/\/k-level.com\/wp-content\/uploads\/2025\/05\/logo-300x98.png\" alt=\"\" width=\"300\" height=\"98\" srcset=\"https:\/\/k-level.com\/wp-content\/uploads\/2025\/05\/logo-300x98.png 300w, https:\/\/k-level.com\/wp-content\/uploads\/2025\/05\/logo-18x6.png 18w, https:\/\/k-level.com\/wp-content\/uploads\/2025\/05\/logo.png 307w\" sizes=\"(max-width: 300px) 100vw, 300px\" \/><\/p>","protected":false},"featured_media":13598,"comment_status":"open","ping_status":"closed","template":"","meta":[],"product_brand":[],"product_cat":[260],"product_tag":[238],"class_list":{"0":"post-13597","1":"product","2":"type-product","3":"status-publish","4":"has-post-thumbnail","6":"product_cat-line-laser-bracket","7":"product_tag-carpentry-and-furniture","9":"first","10":"instock","11":"shipping-taxable","12":"product-type-simple"},"_links":{"self":[{"href":"https:\/\/k-level.com\/de\/wp-json\/wp\/v2\/product\/13597","targetHints":{"allow":["GET"]}}],"collection":[{"href":"https:\/\/k-level.com\/de\/wp-json\/wp\/v2\/product"}],"about":[{"href":"https:\/\/k-level.com\/de\/wp-json\/wp\/v2\/types\/product"}],"replies":[{"embeddable":true,"href":"https:\/\/k-level.com\/de\/wp-json\/wp\/v2\/comments?post=13597"}],"version-history":[{"count":5,"href":"https:\/\/k-level.com\/de\/wp-json\/wp\/v2\/product\/13597\/revisions"}],"predecessor-version":[{"id":13792,"href":"https:\/\/k-level.com\/de\/wp-json\/wp\/v2\/product\/13597\/revisions\/13792"}],"wp:featuredmedia":[{"embeddable":true,"href":"https:\/\/k-level.com\/de\/wp-json\/wp\/v2\/media\/13598"}],"wp:attachment":[{"href":"https:\/\/k-level.com\/de\/wp-json\/wp\/v2\/media?parent=13597"}],"wp:term":[{"taxonomy":"product_brand","embeddable":true,"href":"https:\/\/k-level.com\/de\/wp-json\/wp\/v2\/product_brand?post=13597"},{"taxonomy":"product_cat","embeddable":true,"href":"https:\/\/k-level.com\/de\/wp-json\/wp\/v2\/product_cat?post=13597"},{"taxonomy":"product_tag","embeddable":true,"href":"https:\/\/k-level.com\/de\/wp-json\/wp\/v2\/product_tag?post=13597"}],"curies":[{"name":"wp","href":"https:\/\/api.w.org\/{rel}","templated":true}]}}