{"id":13591,"date":"2025-07-01T14:00:59","date_gmt":"2025-07-01T06:00:59","guid":{"rendered":"https:\/\/k-level.com\/?post_type=product&#038;p=13591"},"modified":"2025-07-15T17:12:27","modified_gmt":"2025-07-15T09:12:27","slug":"llb23a-linienlaserhalterung-laser-nivellier-zubehorsatz","status":"publish","type":"product","link":"https:\/\/k-level.com\/de\/produkt\/llb23a-linienlaserhalterung-laser-nivellier-zubehorsatz\/","title":{"rendered":"LLB23A Linienlaserhalterung"},"content":{"rendered":"<p>Vielseitige LLB23A-Linienlaserhalterung \u2013 Magnetisches Design und verstellbare Klemme<\/p>\n<p>Die Linienlaserhalterung LLB23A ist der perfekte Begleiter f\u00fcr Ihre Messwerkzeuge und kombiniert innovatives Design mit praktischer Funktionalit\u00e4t.<br \/>\nDie Linienlaserhalterung LLB23A ist mit einer aufschraubbaren, verstellbaren Klemme ausgestattet, die sicher an Platten mit einer H\u00f6he von bis zu 8,7 cm montiert werden kann. Sie bietet einen gr\u00f6\u00dferen Klemmbereich als herk\u00f6mmliche Federkonstruktionen und passt sich so einer Vielzahl von Einsatzszenarien an.<\/p>\n<p><a href=\"https:\/\/k-level.com\/de\/geschaft\/\">LLB23A Linienlaserhalterung<\/a>, das Herzst\u00fcck unseres umfassenden <a href=\"https:\/\/k-level.com\/de\/geschaft\/\">Laser-Nivellierger\u00e4t-Zubeh\u00f6rsatz<\/a>. Diese komplette Montagel\u00f6sung wurde f\u00fcr Profis entwickelt, die Vielseitigkeit und Pr\u00e4zision verlangen, und ver\u00e4ndert Ihre Arbeit mit Linienlasern im Bauwesen, bei Vermessungsarbeiten und in industriellen Anwendungen.<\/p>\n<p>Das Laser Level Zubeh\u00f6r-Set besticht durch sein innovatives Schnellwechselsystem, das einen m\u00fchelosen Wechsel zwischen verschiedenen Montagekonfigurationen in Sekundenschnelle erm\u00f6glicht. Egal ob Deckenmontage, Wandmontage oder Stativmontage, dieses <a href=\"https:\/\/k-level.com\/de\/geschaft\/\">Laser-Nivellierger\u00e4t-Zubeh\u00f6rsatz<\/a> bietet die perfekte L\u00f6sung. Die Aluminiumkonstruktion des LLB23A in Flugzeugqualit\u00e4t gew\u00e4hrleistet Langlebigkeit bei gleichzeitig leichter Tragbarkeit.<\/p>\n<p><img fetchpriority=\"high\" decoding=\"async\" class=\"aligncenter wp-image-13592 size-medium\" src=\"https:\/\/k-level.com\/wp-content\/uploads\/2025\/07\/01-300x300.jpg\" alt=\"Laser-Nivellierger\u00e4t-Zubeh\u00f6rsatz\" width=\"300\" height=\"300\" srcset=\"https:\/\/k-level.com\/wp-content\/uploads\/2025\/07\/01-300x300.jpg 300w, https:\/\/k-level.com\/wp-content\/uploads\/2025\/07\/01-150x150.jpg 150w, https:\/\/k-level.com\/wp-content\/uploads\/2025\/07\/01-768x768.jpg 768w, https:\/\/k-level.com\/wp-content\/uploads\/2025\/07\/01-12x12.jpg 12w, https:\/\/k-level.com\/wp-content\/uploads\/2025\/07\/01-370x370.jpg 370w, https:\/\/k-level.com\/wp-content\/uploads\/2025\/07\/01-400x400.jpg 400w, https:\/\/k-level.com\/wp-content\/uploads\/2025\/07\/01-100x100.jpg 100w, https:\/\/k-level.com\/wp-content\/uploads\/2025\/07\/01-50x50.jpg 50w, https:\/\/k-level.com\/wp-content\/uploads\/2025\/07\/01.jpg 800w\" sizes=\"(max-width: 300px) 100vw, 300px\" \/><\/p>\n<p>Ob drinnen oder drau\u00dfen, diese Halterung bietet Ihnen vier Montagem\u00f6glichkeiten: Magnetbefestigung, Klemmplatte, Aufh\u00e4ngen an N\u00e4geln oder Montage auf einem Stativ mit 1\/4\u2033-20-Gewindeanschluss. Dank der multidirektionalen Einstellfunktion k\u00f6nnen Sie den Winkel des Lasers einfach anpassen, um die Genauigkeit jeder Messung zu gew\u00e4hrleisten.<\/p>\n<p>Ben\u00f6tigen Sie eine L\u00f6sung?<br \/>\nK-level bietet Beratungsleistungen f\u00fcr Vermessungsger\u00e4te an. Kontaktieren Sie uns f\u00fcr Gro\u00dfbestellungen oder technischen Support!<\/p>","protected":false},"excerpt":{"rendered":"<ul>\n<li>Die Linienlaserhalterung LLB23A ist die ideale Wahl f\u00fcr<\/li>\n<li>Messarbeiten dank robuster Konstruktion und Vielseitigkeit.<\/li>\n<li>Die Halterung bietet hervorragenden Halt und Stabilit\u00e4t, sodass Sie jede Messaufgabe problemlos erledigen k\u00f6nnen.<\/li>\n<\/ul>\n<p><img decoding=\"async\" class=\"alignnone size-medium wp-image-13646\" src=\"https:\/\/k-level.com\/wp-content\/uploads\/2025\/05\/logo-300x98.png\" alt=\"\" width=\"300\" height=\"98\" srcset=\"https:\/\/k-level.com\/wp-content\/uploads\/2025\/05\/logo-300x98.png 300w, https:\/\/k-level.com\/wp-content\/uploads\/2025\/05\/logo-18x6.png 18w, https:\/\/k-level.com\/wp-content\/uploads\/2025\/05\/logo.png 307w\" sizes=\"(max-width: 300px) 100vw, 300px\" \/><\/p>","protected":false},"featured_media":13593,"comment_status":"open","ping_status":"closed","template":"","meta":[],"product_brand":[],"product_cat":[260],"product_tag":[238],"class_list":{"0":"post-13591","1":"product","2":"type-product","3":"status-publish","4":"has-post-thumbnail","6":"product_cat-line-laser-bracket","7":"product_tag-carpentry-and-furniture","9":"first","10":"instock","11":"shipping-taxable","12":"product-type-simple"},"_links":{"self":[{"href":"https:\/\/k-level.com\/de\/wp-json\/wp\/v2\/product\/13591","targetHints":{"allow":["GET"]}}],"collection":[{"href":"https:\/\/k-level.com\/de\/wp-json\/wp\/v2\/product"}],"about":[{"href":"https:\/\/k-level.com\/de\/wp-json\/wp\/v2\/types\/product"}],"replies":[{"embeddable":true,"href":"https:\/\/k-level.com\/de\/wp-json\/wp\/v2\/comments?post=13591"}],"version-history":[{"count":3,"href":"https:\/\/k-level.com\/de\/wp-json\/wp\/v2\/product\/13591\/revisions"}],"predecessor-version":[{"id":13791,"href":"https:\/\/k-level.com\/de\/wp-json\/wp\/v2\/product\/13591\/revisions\/13791"}],"wp:featuredmedia":[{"embeddable":true,"href":"https:\/\/k-level.com\/de\/wp-json\/wp\/v2\/media\/13593"}],"wp:attachment":[{"href":"https:\/\/k-level.com\/de\/wp-json\/wp\/v2\/media?parent=13591"}],"wp:term":[{"taxonomy":"product_brand","embeddable":true,"href":"https:\/\/k-level.com\/de\/wp-json\/wp\/v2\/product_brand?post=13591"},{"taxonomy":"product_cat","embeddable":true,"href":"https:\/\/k-level.com\/de\/wp-json\/wp\/v2\/product_cat?post=13591"},{"taxonomy":"product_tag","embeddable":true,"href":"https:\/\/k-level.com\/de\/wp-json\/wp\/v2\/product_tag?post=13591"}],"curies":[{"name":"wp","href":"https:\/\/api.w.org\/{rel}","templated":true}]}}