{"id":13585,"date":"2025-06-30T17:26:10","date_gmt":"2025-06-30T09:26:10","guid":{"rendered":"https:\/\/k-level.com\/?post_type=product&#038;p=13585"},"modified":"2025-07-15T17:07:28","modified_gmt":"2025-07-15T09:07:28","slug":"llb22a-linienlaserhalterung","status":"publish","type":"product","link":"https:\/\/k-level.com\/de\/produkt\/llb22a-linienlaserhalterung\/","title":{"rendered":"LLB22A Linienlaserhalterung"},"content":{"rendered":"<p>Der <a href=\"https:\/\/k-level.com\/de\/uber-uns\/\">LLB22A Linienlaserhalterung<\/a> ist ein vielseitiges und langlebiges Werkzeug, das f\u00fcr die sichere Befestigung in verschiedenen Szenarien entwickelt wurde.<\/p>\n<p>Mit mehreren Befestigungsmethoden, Kompatibilit\u00e4t mit 1\/4\u2033-20-Innengewinden und einem leichten Design.<\/p>\n<p>Das magnetische Halterungssystem des LLB22A f\u00fcr Laser-Nivellierger\u00e4te verf\u00fcgt \u00fcber einen hochfesten Neodym-Magneten, der eine au\u00dfergew\u00f6hnliche Haltekraft bietet und gleichzeitig eine perfekte Ausrichtung gew\u00e4hrleistet. Im Gegensatz zu Standardhalterungen<a href=\"https:\/\/k-level.com\/de\/uber-uns\/\"> Magnetische Halterung f\u00fcr Laser-Wasserwaage<\/a> bietet \u00fcberragende Stabilit\u00e4t (mit bis zu 22 kg\/cm\u00b2 Magnetkraft), die Vibrationen und versehentlichen St\u00f6\u00dfen standh\u00e4lt.<br \/>\nDas innovative Design verf\u00fcgt \u00fcber eine um 360\u00b0 drehbare Basis mit Feineinstellungsm\u00f6glichkeit, die eine millimetergenaue Laserausrichtung in jede Richtung erm\u00f6glicht.<\/p>\n<p>Die magnetische Halterung f\u00fcr die Laser-Wasserwaage in unserem Modell LLB22A steht f\u00fcr das Engagement von K-level, professionelle Werkzeuge zu entwickeln, die die Arbeitseffizienz steigern.<\/p>\n<p><img fetchpriority=\"high\" decoding=\"async\" class=\"aligncenter wp-image-13587 size-medium\" src=\"https:\/\/k-level.com\/wp-content\/uploads\/2025\/06\/02-4-300x300.jpg\" alt=\"Magnetische Halterung f\u00fcr Laser-Wasserwaage\" width=\"300\" height=\"300\" srcset=\"https:\/\/k-level.com\/wp-content\/uploads\/2025\/06\/02-4-300x300.jpg 300w, https:\/\/k-level.com\/wp-content\/uploads\/2025\/06\/02-4-150x150.jpg 150w, https:\/\/k-level.com\/wp-content\/uploads\/2025\/06\/02-4-768x768.jpg 768w, https:\/\/k-level.com\/wp-content\/uploads\/2025\/06\/02-4-12x12.jpg 12w, https:\/\/k-level.com\/wp-content\/uploads\/2025\/06\/02-4-370x370.jpg 370w, https:\/\/k-level.com\/wp-content\/uploads\/2025\/06\/02-4-400x400.jpg 400w, https:\/\/k-level.com\/wp-content\/uploads\/2025\/06\/02-4-100x100.jpg 100w, https:\/\/k-level.com\/wp-content\/uploads\/2025\/06\/02-4-50x50.jpg 50w, https:\/\/k-level.com\/wp-content\/uploads\/2025\/06\/02-4.jpg 800w\" sizes=\"(max-width: 300px) 100vw, 300px\" \/><\/p>\n<p>Diese Linienlaserhalterung LLB22A erh\u00f6ht den Komfort und die Effizienz f\u00fcr Profis im Bau- und Vermessungsbereich.<\/p>\n<p>Ben\u00f6tigen Sie eine L\u00f6sung?<br \/>\nK-level bietet Beratungsleistungen f\u00fcr Vermessungsger\u00e4te an. Kontaktieren Sie uns f\u00fcr Gro\u00dfbestellungen oder technischen Support!<\/p>","protected":false},"excerpt":{"rendered":"<ul>\n<li>LLB22A-Linienlaserhalterung zur Befestigung an Eisenobjekten<\/li>\n<li>Stative (mit 1\/4\u2033 und 5\/8\u2033 Gewindebohrungen), Seile oder N\u00e4gel f\u00fcr vielseitige Anwendungen.<\/li>\n<li>Diese Halterung ist auf Kompatibilit\u00e4t ausgelegt und f\u00fcr alle Niveaus geeignet<\/li>\n<\/ul>\n<p><img decoding=\"async\" class=\"alignnone size-medium wp-image-13646\" src=\"https:\/\/k-level.com\/wp-content\/uploads\/2025\/05\/logo-300x98.png\" alt=\"\" width=\"300\" height=\"98\" srcset=\"https:\/\/k-level.com\/wp-content\/uploads\/2025\/05\/logo-300x98.png 300w, https:\/\/k-level.com\/wp-content\/uploads\/2025\/05\/logo-18x6.png 18w, https:\/\/k-level.com\/wp-content\/uploads\/2025\/05\/logo.png 307w\" sizes=\"(max-width: 300px) 100vw, 300px\" \/><\/p>\n<p>&nbsp;<\/p>","protected":false},"featured_media":13586,"comment_status":"open","ping_status":"closed","template":"","meta":[],"product_brand":[],"product_cat":[261],"product_tag":[238],"class_list":{"0":"post-13585","1":"product","2":"type-product","3":"status-publish","4":"has-post-thumbnail","6":"product_cat-rotary-laser-bracket","7":"product_tag-carpentry-and-furniture","9":"first","10":"instock","11":"shipping-taxable","12":"product-type-simple"},"_links":{"self":[{"href":"https:\/\/k-level.com\/de\/wp-json\/wp\/v2\/product\/13585","targetHints":{"allow":["GET"]}}],"collection":[{"href":"https:\/\/k-level.com\/de\/wp-json\/wp\/v2\/product"}],"about":[{"href":"https:\/\/k-level.com\/de\/wp-json\/wp\/v2\/types\/product"}],"replies":[{"embeddable":true,"href":"https:\/\/k-level.com\/de\/wp-json\/wp\/v2\/comments?post=13585"}],"version-history":[{"count":3,"href":"https:\/\/k-level.com\/de\/wp-json\/wp\/v2\/product\/13585\/revisions"}],"predecessor-version":[{"id":13790,"href":"https:\/\/k-level.com\/de\/wp-json\/wp\/v2\/product\/13585\/revisions\/13790"}],"wp:featuredmedia":[{"embeddable":true,"href":"https:\/\/k-level.com\/de\/wp-json\/wp\/v2\/media\/13586"}],"wp:attachment":[{"href":"https:\/\/k-level.com\/de\/wp-json\/wp\/v2\/media?parent=13585"}],"wp:term":[{"taxonomy":"product_brand","embeddable":true,"href":"https:\/\/k-level.com\/de\/wp-json\/wp\/v2\/product_brand?post=13585"},{"taxonomy":"product_cat","embeddable":true,"href":"https:\/\/k-level.com\/de\/wp-json\/wp\/v2\/product_cat?post=13585"},{"taxonomy":"product_tag","embeddable":true,"href":"https:\/\/k-level.com\/de\/wp-json\/wp\/v2\/product_tag?post=13585"}],"curies":[{"name":"wp","href":"https:\/\/api.w.org\/{rel}","templated":true}]}}