{"id":13571,"date":"2025-06-30T16:55:31","date_gmt":"2025-06-30T08:55:31","guid":{"rendered":"https:\/\/k-level.com\/?post_type=product&#038;p=13571"},"modified":"2025-07-15T15:46:26","modified_gmt":"2025-07-15T07:46:26","slug":"llb06-linienlaserhalterung","status":"publish","type":"product","link":"https:\/\/k-level.com\/de\/produkt\/llb06-linienlaserhalterung\/","title":{"rendered":"LLB06 Linienlaserhalterung"},"content":{"rendered":"<p>Der <a href=\"https:\/\/k-level.com\/de\/kontakt\/\">LLB06 Linienlaserhalterung<\/a> ist eine professionelle Montagel\u00f6sung f\u00fcr Pr\u00e4zision und Komfort. Mit einem starken Magneten, einem einstellbaren Winkel von 0\u00b0 bis 90\u00b0 und zwei Adaptern (1\/4\u2033-20 &amp; 5\/8\u2033-11) gew\u00e4hrleistet es eine sichere und vielseitige Befestigung von Linienlasern im Bauwesen, in der Vermessung und in der Industrie.<\/p>\n<p><img fetchpriority=\"high\" decoding=\"async\" class=\"aligncenter wp-image-13572 size-medium\" src=\"https:\/\/k-level.com\/wp-content\/uploads\/2025\/06\/01-3-300x300.jpg\" alt=\"Magnetische Laser-Wasserwaage mit L-Halterung\" width=\"300\" height=\"300\" srcset=\"https:\/\/k-level.com\/wp-content\/uploads\/2025\/06\/01-3-300x300.jpg 300w, https:\/\/k-level.com\/wp-content\/uploads\/2025\/06\/01-3-150x150.jpg 150w, https:\/\/k-level.com\/wp-content\/uploads\/2025\/06\/01-3-768x768.jpg 768w, https:\/\/k-level.com\/wp-content\/uploads\/2025\/06\/01-3-12x12.jpg 12w, https:\/\/k-level.com\/wp-content\/uploads\/2025\/06\/01-3-370x370.jpg 370w, https:\/\/k-level.com\/wp-content\/uploads\/2025\/06\/01-3-400x400.jpg 400w, https:\/\/k-level.com\/wp-content\/uploads\/2025\/06\/01-3-100x100.jpg 100w, https:\/\/k-level.com\/wp-content\/uploads\/2025\/06\/01-3-50x50.jpg 50w, https:\/\/k-level.com\/wp-content\/uploads\/2025\/06\/01-3.jpg 800w\" sizes=\"(max-width: 300px) 100vw, 300px\" \/><\/p>\n<p>Die Linienlaserhalterung LLB06 ist aufgrund ihres robusten Designs und der einfachen Installation ein unverzichtbares Werkzeug f\u00fcr Profis, die eine zuverl\u00e4ssige und effiziente Laserpositionierung anstreben.<\/p>\n<p>Die Linienlaserhalterung LLB06 ist ein Beweis f\u00fcr unser Engagement f\u00fcr Qualit\u00e4t und Innovation. Dieses vielseitige Werkzeug wurde entwickelt, um die Funktionalit\u00e4t Ihrer Linienlaser zu verbessern und Pr\u00e4zision und Flexibilit\u00e4t in einer Vielzahl von Anwendungen zu erm\u00f6glichen.<\/p>\n<p>Der <a href=\"https:\/\/k-level.com\/de\/kontakt\/\">Magnetische Laser-Wasserwaage mit L-Halterung<\/a> ist ein unverzichtbares Zubeh\u00f6r f\u00fcr jeden Profi und Heimwerker, der pr\u00e4zise Messungen erzielen m\u00f6chte. Der robuste Magnetfu\u00df haftet sicher an Metalloberfl\u00e4chen und bietet Ihrem Linienlaser eine stabile Plattform, egal ob auf Baustellen, bei Renovierungen oder sogar bei k\u00fcnstlerischen Installationen. Die magnetische L-Halterung der Laser-Wasserwaage sorgt daf\u00fcr, dass Ihr Laser an Ort und Stelle bleibt, w\u00e4hrend Sie sich auf Ihre Messungen konzentrieren. Das reduziert das Fehlerrisiko und verbessert die Gesamteffizienz.<\/p>\n<p>Eines der herausragenden Merkmale des LLB06 ist sein verstellbares Design. Die magnetische L-Halterung der Laser-Wasserwaage l\u00e4sst sich problemlos in verschiedenen Winkeln positionieren, sodass Sie Laserlinien genau dort projizieren k\u00f6nnen, wo Sie sie ben\u00f6tigen. Diese Flexibilit\u00e4t ist besonders vorteilhaft f\u00fcr Aufgaben wie das Ausrichten von Regalen, das Montieren von Schr\u00e4nken oder das Markieren von W\u00e4nden zum Streichen. Durch die M\u00f6glichkeit, Winkel und H\u00f6he anzupassen, passt sich diese Halterung Ihren spezifischen Projektanforderungen an und wird so zu einem unverzichtbaren Werkzeug in Ihrem Mess-Arsenal.<\/p>\n<p>Langlebigkeit ist ein weiteres Markenzeichen des LLB06. Hergestellt aus hochwertigen Materialien, <a href=\"https:\/\/k-level.com\/de\/kontakt\/\">Magnetische Laser-Wasserwaage mit L-Halterung<\/a> ist so konstruiert, dass es den Belastungen des t\u00e4glichen Gebrauchs standh\u00e4lt.<\/p>\n<p>Ben\u00f6tigen Sie eine L\u00f6sung?<br \/>\nK-level bietet Beratungsleistungen f\u00fcr Vermessungsger\u00e4te an. Kontaktieren Sie uns f\u00fcr Gro\u00dfbestellungen oder technischen Support!<\/p>","protected":false},"excerpt":{"rendered":"<ul>\n<li>LLB06 Linienlaserhalterung f\u00fcr stabile Laserausrichtung in verschiedenen Arbeitsumgebungen<\/li>\n<li>wodurch die LLB06-Linienlaserhalterung ideal f\u00fcr Profis ist, die<br \/>\nben\u00f6tigen effiziente und pr\u00e4zise Lasermontagel\u00f6sungen.<\/li>\n<\/ul>\n<p><img decoding=\"async\" class=\"alignnone size-medium wp-image-13646\" src=\"https:\/\/k-level.com\/wp-content\/uploads\/2025\/05\/logo-300x98.png\" alt=\"\" width=\"300\" height=\"98\" srcset=\"https:\/\/k-level.com\/wp-content\/uploads\/2025\/05\/logo-300x98.png 300w, https:\/\/k-level.com\/wp-content\/uploads\/2025\/05\/logo-18x6.png 18w, https:\/\/k-level.com\/wp-content\/uploads\/2025\/05\/logo.png 307w\" sizes=\"(max-width: 300px) 100vw, 300px\" \/><\/p>","protected":false},"featured_media":13572,"comment_status":"open","ping_status":"closed","template":"","meta":[],"product_brand":[],"product_cat":[260],"product_tag":[238],"class_list":{"0":"post-13571","1":"product","2":"type-product","3":"status-publish","4":"has-post-thumbnail","6":"product_cat-line-laser-bracket","7":"product_tag-carpentry-and-furniture","9":"first","10":"instock","11":"shipping-taxable","12":"product-type-simple"},"_links":{"self":[{"href":"https:\/\/k-level.com\/de\/wp-json\/wp\/v2\/product\/13571","targetHints":{"allow":["GET"]}}],"collection":[{"href":"https:\/\/k-level.com\/de\/wp-json\/wp\/v2\/product"}],"about":[{"href":"https:\/\/k-level.com\/de\/wp-json\/wp\/v2\/types\/product"}],"replies":[{"embeddable":true,"href":"https:\/\/k-level.com\/de\/wp-json\/wp\/v2\/comments?post=13571"}],"version-history":[{"count":4,"href":"https:\/\/k-level.com\/de\/wp-json\/wp\/v2\/product\/13571\/revisions"}],"predecessor-version":[{"id":13785,"href":"https:\/\/k-level.com\/de\/wp-json\/wp\/v2\/product\/13571\/revisions\/13785"}],"wp:featuredmedia":[{"embeddable":true,"href":"https:\/\/k-level.com\/de\/wp-json\/wp\/v2\/media\/13572"}],"wp:attachment":[{"href":"https:\/\/k-level.com\/de\/wp-json\/wp\/v2\/media?parent=13571"}],"wp:term":[{"taxonomy":"product_brand","embeddable":true,"href":"https:\/\/k-level.com\/de\/wp-json\/wp\/v2\/product_brand?post=13571"},{"taxonomy":"product_cat","embeddable":true,"href":"https:\/\/k-level.com\/de\/wp-json\/wp\/v2\/product_cat?post=13571"},{"taxonomy":"product_tag","embeddable":true,"href":"https:\/\/k-level.com\/de\/wp-json\/wp\/v2\/product_tag?post=13571"}],"curies":[{"name":"wp","href":"https:\/\/api.w.org\/{rel}","templated":true}]}}