{"id":13519,"date":"2025-06-25T16:27:09","date_gmt":"2025-06-25T08:27:09","guid":{"rendered":"https:\/\/k-level.com\/?post_type=product&#038;p=13519"},"modified":"2026-03-30T10:07:01","modified_gmt":"2026-03-30T02:07:01","slug":"rc300-rotationslaser-fernbedienung","status":"publish","type":"product","link":"https:\/\/k-level.com\/de\/produkt\/rc300-rotationslaser-fernbedienung\/","title":{"rendered":"RC300 Rotationslaser-Fernbedienung"},"content":{"rendered":"<p>RC300 Rotationslaser-Fernbedienung \u2013 Professionelle LCD-Funkfernbedienung mit Neigungseinstellung<\/p>\n<p>Der <strong>RC300 Rotationslaser-Fernbedienung<\/strong> revolutioniert die Effizienz auf der Baustelle mit seinem LCD-Bildschirm f\u00fcr bequeme Neigungseinstellung und Zweiwege-Kommunikationsfunktionen.<\/p>\n<p>Der <a href=\"https:\/\/k-level.com\/de\/geschaft\/\">RC300 Rotationslaser-Fernbedienung<\/a> sticht als kosteng\u00fcnstigste Laser-Wasserwaagen-Fernbedienung ihrer Klasse hervor und bietet Premium-Funktionen zu einem erschwinglichen Preis.<br \/>\nTrotz seines g\u00fcnstigen Preises bietet diese Laser-Wasserwaagenfernbedienung die Pr\u00e4zision und Zuverl\u00e4ssigkeit, die man von Produkten der K-Level-Reihe erwartet.<\/p>\n<p>Obwohl es als <a href=\"https:\/\/k-level.com\/de\/geschaft\/\">g\u00fcnstige Laser-Level-Fernbedienung<\/a>, der RC300 macht keine Kompromisse, wo es darauf ankommt.<\/p>\n<p><img fetchpriority=\"high\" decoding=\"async\" class=\"aligncenter wp-image-13520 size-medium\" src=\"https:\/\/k-level.com\/wp-content\/uploads\/2025\/06\/RC3001-300x300.jpg\" alt=\"g\u00fcnstige Laser-Level-Fernbedienung\" width=\"300\" height=\"300\" srcset=\"https:\/\/k-level.com\/wp-content\/uploads\/2025\/06\/RC3001-300x300.jpg 300w, https:\/\/k-level.com\/wp-content\/uploads\/2025\/06\/RC3001-150x150.jpg 150w, https:\/\/k-level.com\/wp-content\/uploads\/2025\/06\/RC3001-768x768.jpg 768w, https:\/\/k-level.com\/wp-content\/uploads\/2025\/06\/RC3001-12x12.jpg 12w, https:\/\/k-level.com\/wp-content\/uploads\/2025\/06\/RC3001-370x370.jpg 370w, https:\/\/k-level.com\/wp-content\/uploads\/2025\/06\/RC3001-400x400.jpg 400w, https:\/\/k-level.com\/wp-content\/uploads\/2025\/06\/RC3001-100x100.jpg 100w, https:\/\/k-level.com\/wp-content\/uploads\/2025\/06\/RC3001-50x50.jpg 50w, https:\/\/k-level.com\/wp-content\/uploads\/2025\/06\/RC3001.jpg 800w\" sizes=\"(max-width: 300px) 100vw, 300px\" \/><\/p>\n<p>Diese fortschrittliche Fernbedienung f\u00fcr Rotationslaser bietet eine un\u00fcbertroffene Kontrolle \u00fcber Rotationslaser-Nivellierger\u00e4te aus Entfernungen von \u2265300 m und verf\u00fcgt \u00fcber eine Echtzeit-Status\u00fcberwachung und f\u00fcnf einstellbare Laserrotationsgeschwindigkeiten (300\/600\/1000\/1500\/3000 U\/min) f\u00fcr h\u00f6chste Pr\u00e4zision bei Bau- und Vermessungsanwendungen.<\/p>\n<p>&nbsp;<\/p>\n<p><img decoding=\"async\" class=\"wp-image-13523 aligncenter\" src=\"https:\/\/k-level.com\/wp-content\/uploads\/2025\/06\/1750839659214-300x205.png\" alt=\"\" width=\"559\" height=\"382\" \/><\/p>\n<p>&nbsp;<\/p>\n<p>&nbsp;<\/p>\n<p>Ben\u00f6tigen Sie eine L\u00f6sung?<br \/>\nK-level bietet Beratungsleistungen f\u00fcr Vermessungsger\u00e4te an. Kontaktieren Sie uns f\u00fcr Gro\u00dfbestellungen oder technischen Support!<\/p>","protected":false},"excerpt":{"rendered":"<ul>\n<li>F\u00fcnf Geschwindigkeitsoptionen (300\u20133000 U\/min) \u2013 Vielseitige Laser-Rotationsgeschwindigkeitsregelung f\u00fcr alle Anwendungen<\/li>\n<li>Echtzeit-Statusanzeigen \u2013 \u00dcberwachen Sie den Betrieb Ihres Rotationslasers sofort durch klare Funktionsleuchten<\/li>\n<li>Robustes, gummibeschichtetes Geh\u00e4use \u2013 G\u00fcnstige und langlebige Laser-Wasserwaage mit Fernbedienung.<\/li>\n<\/ul>\n<p><img decoding=\"async\" class=\"alignnone size-medium wp-image-13646\" src=\"https:\/\/k-level.com\/wp-content\/uploads\/2025\/05\/logo-300x98.png\" alt=\"\" width=\"300\" height=\"98\" srcset=\"https:\/\/k-level.com\/wp-content\/uploads\/2025\/05\/logo-300x98.png 300w, https:\/\/k-level.com\/wp-content\/uploads\/2025\/05\/logo-18x6.png 18w, https:\/\/k-level.com\/wp-content\/uploads\/2025\/05\/logo.png 307w\" sizes=\"(max-width: 300px) 100vw, 300px\" \/><\/p>","protected":false},"featured_media":14006,"comment_status":"open","ping_status":"closed","template":"","meta":[],"product_brand":[],"product_cat":[251],"product_tag":[237],"class_list":{"0":"post-13519","1":"product","2":"type-product","3":"status-publish","4":"has-post-thumbnail","6":"product_cat-rotary-laser-remote-control","7":"product_tag-professional-engineering","9":"first","10":"instock","11":"shipping-taxable","12":"product-type-simple"},"_links":{"self":[{"href":"https:\/\/k-level.com\/de\/wp-json\/wp\/v2\/product\/13519","targetHints":{"allow":["GET"]}}],"collection":[{"href":"https:\/\/k-level.com\/de\/wp-json\/wp\/v2\/product"}],"about":[{"href":"https:\/\/k-level.com\/de\/wp-json\/wp\/v2\/types\/product"}],"replies":[{"embeddable":true,"href":"https:\/\/k-level.com\/de\/wp-json\/wp\/v2\/comments?post=13519"}],"version-history":[{"count":4,"href":"https:\/\/k-level.com\/de\/wp-json\/wp\/v2\/product\/13519\/revisions"}],"predecessor-version":[{"id":13776,"href":"https:\/\/k-level.com\/de\/wp-json\/wp\/v2\/product\/13519\/revisions\/13776"}],"wp:featuredmedia":[{"embeddable":true,"href":"https:\/\/k-level.com\/de\/wp-json\/wp\/v2\/media\/14006"}],"wp:attachment":[{"href":"https:\/\/k-level.com\/de\/wp-json\/wp\/v2\/media?parent=13519"}],"wp:term":[{"taxonomy":"product_brand","embeddable":true,"href":"https:\/\/k-level.com\/de\/wp-json\/wp\/v2\/product_brand?post=13519"},{"taxonomy":"product_cat","embeddable":true,"href":"https:\/\/k-level.com\/de\/wp-json\/wp\/v2\/product_cat?post=13519"},{"taxonomy":"product_tag","embeddable":true,"href":"https:\/\/k-level.com\/de\/wp-json\/wp\/v2\/product_tag?post=13519"}],"curies":[{"name":"wp","href":"https:\/\/api.w.org\/{rel}","templated":true}]}}