{"id":13509,"date":"2025-06-25T15:49:01","date_gmt":"2025-06-25T07:49:01","guid":{"rendered":"https:\/\/k-level.com\/?post_type=product&#038;p=13509"},"modified":"2026-03-30T10:05:12","modified_gmt":"2026-03-30T02:05:12","slug":"rc100-rotationslaser-fernbedienung","status":"publish","type":"product","link":"https:\/\/k-level.com\/de\/produkt\/rc100-rotationslaser-fernbedienung\/","title":{"rendered":"RC100 Rotationslaser-Fernbedienung"},"content":{"rendered":"<p>Die Rotationslaser-Fernbedienung RC100 bietet un\u00fcbertroffene Leistung f\u00fcr Bau- und Vermessungsanwendungen. Diese 360-Grad-Laserfernbedienung ist f\u00fcr die nahtlose Integration mit 360-Grad-Laser-Nivelliersystemen konzipiert und gew\u00e4hrleistet pr\u00e4zise, freih\u00e4ndige Bedienung und steigert die Effizienz auf jeder Baustelle.<\/p>\n<p>Der RC100 <a href=\"https:\/\/k-level.com\/de\/kontakt\/\">360-Grad-Laser-Wasserwaage<\/a> bietet volle Kontrolle \u00fcber 360-Grad-Laser-Nivellierger\u00e4te und erm\u00f6glicht es Benutzern, Neigung, Gef\u00e4lle und Ausrichtung aus der Ferne anzupassen. Dank der gro\u00dfen Reichweite (bis zu 300 m) ist es ideal f\u00fcr gro\u00dfe Bauprojekte.<\/p>\n<p>Im Vergleich zu Mitbewerbern bietet die Rotationslaserfernbedienung RC100 ein au\u00dfergew\u00f6hnliches Preis-Leistungs-Verh\u00e4ltnis ohne Kompromisse bei Haltbarkeit oder Funktionalit\u00e4t. Dank des sto\u00dffesten IP54-Designs ist sie f\u00fcr raue Umgebungen ausgelegt.<\/p>\n<p><img fetchpriority=\"high\" decoding=\"async\" class=\"aligncenter wp-image-13512 size-medium\" src=\"https:\/\/k-level.com\/wp-content\/uploads\/2025\/06\/RC1003-300x300.jpg\" alt=\"RC100 360-Grad-Laser-Wasserwaage\" width=\"300\" height=\"300\" srcset=\"https:\/\/k-level.com\/wp-content\/uploads\/2025\/06\/RC1003-300x300.jpg 300w, https:\/\/k-level.com\/wp-content\/uploads\/2025\/06\/RC1003-150x150.jpg 150w, https:\/\/k-level.com\/wp-content\/uploads\/2025\/06\/RC1003-768x768.jpg 768w, https:\/\/k-level.com\/wp-content\/uploads\/2025\/06\/RC1003-12x12.jpg 12w, https:\/\/k-level.com\/wp-content\/uploads\/2025\/06\/RC1003-370x370.jpg 370w, https:\/\/k-level.com\/wp-content\/uploads\/2025\/06\/RC1003-400x400.jpg 400w, https:\/\/k-level.com\/wp-content\/uploads\/2025\/06\/RC1003-100x100.jpg 100w, https:\/\/k-level.com\/wp-content\/uploads\/2025\/06\/RC1003-50x50.jpg 50w, https:\/\/k-level.com\/wp-content\/uploads\/2025\/06\/RC1003.jpg 800w\" sizes=\"(max-width: 300px) 100vw, 300px\" \/><\/p>\n<p>Mit ihrem benutzerfreundlichen Design und der gr\u00f6\u00dferen Reichweite vereinfacht diese Fernbedienung den Nivellierungsprozess und ist somit eine unsch\u00e4tzbare Erg\u00e4nzung f\u00fcr jeden Werkzeugkasten.<\/p>\n<p>Ben\u00f6tigen Sie eine L\u00f6sung?<br \/>\n<a href=\"https:\/\/k-level.com\/de\/kontakt\/\">K-Stufe<\/a> bietet Beratungsdienste f\u00fcr Vermessungsger\u00e4te an. Kontaktieren Sie uns f\u00fcr Gro\u00dfbestellungen oder technischen Support!<\/p>","protected":false},"excerpt":{"rendered":"<ul>\n<li>Benutzerfreundlichkeit: Die RC100-Rotationslaser-Fernbedienung bietet eine intuitive Steuerung.<\/li>\n<li>Kompatibilit\u00e4t: 360-Grad-Laser-Wasserwaagen-Fernbedienung. Entwickelt f\u00fcr die nahtlose Zusammenarbeit mit verschiedenen Rotationslasermodellen und zur Verbesserung ihrer Funktionalit\u00e4t.<\/li>\n<li>Haltbarkeit: Konstruiert, um den harten Bedingungen auf der Baustelle standzuhalten und so eine zuverl\u00e4ssige Leistung \u00fcber einen langen Zeitraum zu gew\u00e4hrleisten.<\/li>\n<\/ul>\n<p><img decoding=\"async\" class=\"alignnone size-medium wp-image-13646\" src=\"https:\/\/k-level.com\/wp-content\/uploads\/2025\/05\/logo-300x98.png\" alt=\"\" width=\"300\" height=\"98\" srcset=\"https:\/\/k-level.com\/wp-content\/uploads\/2025\/05\/logo-300x98.png 300w, https:\/\/k-level.com\/wp-content\/uploads\/2025\/05\/logo-18x6.png 18w, https:\/\/k-level.com\/wp-content\/uploads\/2025\/05\/logo.png 307w\" sizes=\"(max-width: 300px) 100vw, 300px\" \/><\/p>","protected":false},"featured_media":14004,"comment_status":"open","ping_status":"closed","template":"","meta":[],"product_brand":[],"product_cat":[251],"product_tag":[237],"class_list":{"0":"post-13509","1":"product","2":"type-product","3":"status-publish","4":"has-post-thumbnail","6":"product_cat-rotary-laser-remote-control","7":"product_tag-professional-engineering","9":"first","10":"instock","11":"shipping-taxable","12":"product-type-simple"},"_links":{"self":[{"href":"https:\/\/k-level.com\/de\/wp-json\/wp\/v2\/product\/13509","targetHints":{"allow":["GET"]}}],"collection":[{"href":"https:\/\/k-level.com\/de\/wp-json\/wp\/v2\/product"}],"about":[{"href":"https:\/\/k-level.com\/de\/wp-json\/wp\/v2\/types\/product"}],"replies":[{"embeddable":true,"href":"https:\/\/k-level.com\/de\/wp-json\/wp\/v2\/comments?post=13509"}],"version-history":[{"count":4,"href":"https:\/\/k-level.com\/de\/wp-json\/wp\/v2\/product\/13509\/revisions"}],"predecessor-version":[{"id":13771,"href":"https:\/\/k-level.com\/de\/wp-json\/wp\/v2\/product\/13509\/revisions\/13771"}],"wp:featuredmedia":[{"embeddable":true,"href":"https:\/\/k-level.com\/de\/wp-json\/wp\/v2\/media\/14004"}],"wp:attachment":[{"href":"https:\/\/k-level.com\/de\/wp-json\/wp\/v2\/media?parent=13509"}],"wp:term":[{"taxonomy":"product_brand","embeddable":true,"href":"https:\/\/k-level.com\/de\/wp-json\/wp\/v2\/product_brand?post=13509"},{"taxonomy":"product_cat","embeddable":true,"href":"https:\/\/k-level.com\/de\/wp-json\/wp\/v2\/product_cat?post=13509"},{"taxonomy":"product_tag","embeddable":true,"href":"https:\/\/k-level.com\/de\/wp-json\/wp\/v2\/product_tag?post=13509"}],"curies":[{"name":"wp","href":"https:\/\/api.w.org\/{rel}","templated":true}]}}