{"id":13489,"date":"2025-06-24T16:59:42","date_gmt":"2025-06-24T08:59:42","guid":{"rendered":"https:\/\/k-level.com\/?post_type=product&#038;p=13489"},"modified":"2025-07-10T17:09:09","modified_gmt":"2025-07-10T09:09:09","slug":"kmr01-maschinensteuerung-laserempfanger","status":"publish","type":"product","link":"https:\/\/k-level.com\/de\/produkt\/kmr01-maschinensteuerung-laserempfanger\/","title":{"rendered":"KMR01 Laserempf\u00e4nger f\u00fcr Maschinensteuerung"},"content":{"rendered":"<p>KMR01 Maschinensteuerungs-Laserempf\u00e4nger mit Schraubklemme \u2013 Hochpr\u00e4ziser Lasersensor f\u00fcr Planier- und Erdbewegungsmaschinen<\/p>\n<p>K-Level f\u00fchrt ein in die<strong> KMR01 Laserempf\u00e4nger f\u00fcr Maschinensteuerung<\/strong>, ein hochpr\u00e4ziser Laserempf\u00e4nger f\u00fcr Maschinensteuerungssysteme, der f\u00fcr automatisierte Planier- und Aushubger\u00e4te entwickelt wurde. Als Teil unserer fortschrittlichen Bautechnologiel\u00f6sungen liefert der Laserempf\u00e4nger KMR01C zur Maschinensteuerung H\u00f6hendaten in Echtzeit mit Millimetergenauigkeit und gew\u00e4hrleistet so eine einwandfreie Maschinensteuerung f\u00fcr Erdbewegungs- und Baustellenentwicklungsprojekte.<\/p>\n<p>Der <a href=\"https:\/\/k-level.com\/de\/kontakt\/\">KMR01C Laserempf\u00e4nger f\u00fcr Maschinensteuerung<\/a> ist ideal f\u00fcr:<br \/>\nGPS-freie Planiervorg\u00e4nge<br \/>\nPr\u00e4zises Graben- und Rohrverlegen<br \/>\nVorbereitung der Betonplatte<br \/>\nStra\u00dfenbau und Landentwicklung<\/p>\n<p>Als Kernbestandteil jeder modernen <a href=\"https:\/\/k-level.com\/de\/kontakt\/\">Laserempf\u00e4nger f\u00fcr Maschinensteuerung<\/a> Setup, die KMR01-Serie bietet:<br \/>\n\u2022 Automatische Klingen-\/Bohlensteuerung<br \/>\n\u2022 Kontinuierliche H\u00f6hen\u00fcberwachung<br \/>\n\u2022 Vibrationsresistente Leistung<\/p>\n<p>Der Maschinensteuerungs-Laserempf\u00e4nger KMR01C von K-level stellt die n\u00e4chste Generation der Maschinenautomatisierung dar und kombiniert zuverl\u00e4ssiges Lasertracking mit intuitiver Bedienung f\u00fcr Auftragnehmer, die maximale Produktivit\u00e4t und Genauigkeit verlangen.<\/p>\n<p><img fetchpriority=\"high\" decoding=\"async\" class=\"aligncenter wp-image-13491 size-medium\" src=\"https:\/\/k-level.com\/wp-content\/uploads\/2025\/06\/KMR011-300x300.jpg\" alt=\"Laserempf\u00e4nger f\u00fcr Maschinensteuerung\" width=\"300\" height=\"300\" srcset=\"https:\/\/k-level.com\/wp-content\/uploads\/2025\/06\/KMR011-300x300.jpg 300w, https:\/\/k-level.com\/wp-content\/uploads\/2025\/06\/KMR011-150x150.jpg 150w, https:\/\/k-level.com\/wp-content\/uploads\/2025\/06\/KMR011-768x768.jpg 768w, https:\/\/k-level.com\/wp-content\/uploads\/2025\/06\/KMR011-12x12.jpg 12w, https:\/\/k-level.com\/wp-content\/uploads\/2025\/06\/KMR011-370x370.jpg 370w, https:\/\/k-level.com\/wp-content\/uploads\/2025\/06\/KMR011-400x400.jpg 400w, https:\/\/k-level.com\/wp-content\/uploads\/2025\/06\/KMR011-100x100.jpg 100w, https:\/\/k-level.com\/wp-content\/uploads\/2025\/06\/KMR011-50x50.jpg 50w, https:\/\/k-level.com\/wp-content\/uploads\/2025\/06\/KMR011.jpg 800w\" sizes=\"(max-width: 300px) 100vw, 300px\" \/><\/p>\n<p>Dieser Empf\u00e4nger verf\u00fcgt \u00fcber eine sichere Schraubklemme f\u00fcr eine einfache Montage und gew\u00e4hrleistet eine stabile Signalerkennung auch unter rauen Baustellenbedingungen. Er ist mit den meisten Lasersendern kompatibel und erm\u00f6glicht die Echtzeit-H\u00f6hensteuerung von Bulldozern, Planierraupen und Sch\u00fcrfk\u00fcbelbaggern, wodurch die Arbeitseffizienz und Pr\u00e4zision gesteigert wird.<\/p>\n<p>Ben\u00f6tigen Sie eine L\u00f6sung?<br \/>\nK-level bietet Beratungsleistungen f\u00fcr Vermessungsger\u00e4te an. Kontaktieren Sie uns f\u00fcr Gro\u00dfbestellungen oder technischen Support!<\/p>","protected":false},"excerpt":{"rendered":"<ul>\n<li>Hochempfindliche Erkennung \u2013 Zuverl\u00e4ssiger Signalempfang f\u00fcr genaues Einstufen<\/li>\n<li>Langlebig und wetterfest \u2013 Gebaut f\u00fcr raue Baustellenumgebungen<\/li>\n<li>Universelle Schraubklemmhalterung \u2013 Einfache Montage an verschiedenen Maschinentypen<\/li>\n<li>Breite Kompatibilit\u00e4t \u2013 Funktioniert mit dem Laserempf\u00e4nger des Standard-Maschinensteuerungssystems<\/li>\n<\/ul>\n<p><img decoding=\"async\" class=\"alignnone size-medium wp-image-13646\" src=\"https:\/\/k-level.com\/wp-content\/uploads\/2025\/05\/logo-300x98.png\" alt=\"\" width=\"300\" height=\"98\" srcset=\"https:\/\/k-level.com\/wp-content\/uploads\/2025\/05\/logo-300x98.png 300w, https:\/\/k-level.com\/wp-content\/uploads\/2025\/05\/logo-18x6.png 18w, https:\/\/k-level.com\/wp-content\/uploads\/2025\/05\/logo.png 307w\" sizes=\"(max-width: 300px) 100vw, 300px\" \/><\/p>","protected":false},"featured_media":13490,"comment_status":"open","ping_status":"closed","template":"","meta":[],"product_brand":[],"product_cat":[250],"product_tag":[237],"class_list":{"0":"post-13489","1":"product","2":"type-product","3":"status-publish","4":"has-post-thumbnail","6":"product_cat-machine-receiver-control-box","7":"product_tag-professional-engineering","9":"first","10":"instock","11":"shipping-taxable","12":"product-type-simple"},"_links":{"self":[{"href":"https:\/\/k-level.com\/de\/wp-json\/wp\/v2\/product\/13489","targetHints":{"allow":["GET"]}}],"collection":[{"href":"https:\/\/k-level.com\/de\/wp-json\/wp\/v2\/product"}],"about":[{"href":"https:\/\/k-level.com\/de\/wp-json\/wp\/v2\/types\/product"}],"replies":[{"embeddable":true,"href":"https:\/\/k-level.com\/de\/wp-json\/wp\/v2\/comments?post=13489"}],"version-history":[{"count":5,"href":"https:\/\/k-level.com\/de\/wp-json\/wp\/v2\/product\/13489\/revisions"}],"predecessor-version":[{"id":13768,"href":"https:\/\/k-level.com\/de\/wp-json\/wp\/v2\/product\/13489\/revisions\/13768"}],"wp:featuredmedia":[{"embeddable":true,"href":"https:\/\/k-level.com\/de\/wp-json\/wp\/v2\/media\/13490"}],"wp:attachment":[{"href":"https:\/\/k-level.com\/de\/wp-json\/wp\/v2\/media?parent=13489"}],"wp:term":[{"taxonomy":"product_brand","embeddable":true,"href":"https:\/\/k-level.com\/de\/wp-json\/wp\/v2\/product_brand?post=13489"},{"taxonomy":"product_cat","embeddable":true,"href":"https:\/\/k-level.com\/de\/wp-json\/wp\/v2\/product_cat?post=13489"},{"taxonomy":"product_tag","embeddable":true,"href":"https:\/\/k-level.com\/de\/wp-json\/wp\/v2\/product_tag?post=13489"}],"curies":[{"name":"wp","href":"https:\/\/api.w.org\/{rel}","templated":true}]}}