{"id":13464,"date":"2025-06-20T17:04:48","date_gmt":"2025-06-20T09:04:48","guid":{"rendered":"https:\/\/k-level.com\/?post_type=product&#038;p=13464"},"modified":"2026-03-30T10:04:24","modified_gmt":"2026-03-30T02:04:24","slug":"lp700-laserempfanger-fur-lasernivellier","status":"publish","type":"product","link":"https:\/\/k-level.com\/de\/produkt\/lp700-laserempfanger-fur-lasernivellier\/","title":{"rendered":"LP700 Empf\u00e4nger"},"content":{"rendered":"<p>LP700 Receiver \u2013 Der ideale Begleiter f\u00fcr pr\u00e4zise Messungen<\/p>\n<p>Der LP700 wurde entwickelt, um die Funktionalit\u00e4t von Lasernivellieren zu verbessern. Er ist ein fortschrittliches <a href=\"https:\/\/k-level.com\/de\/uber-uns\/\">Laserempf\u00e4nger f\u00fcr Lasernivellier<\/a> Anwendungen und ist daher ein unverzichtbares Werkzeug f\u00fcr Profis im Bauwesen, in der Vermessung und bei verschiedenen Heimwerkerprojekten.<\/p>\n<p>Als vielseitiger Laserdetektor verf\u00fcgt der LP700 \u00fcber ein \u00fcbersichtliches, leicht ablesbares Display mit Echtzeit-Feedback. Benutzer k\u00f6nnen zwischen akustischen und optischen Anzeigen w\u00e4hlen, was einen reibungslosen Betrieb unabh\u00e4ngig von den Umgebungsbedingungen erm\u00f6glicht. Ob Sie ein Gel\u00e4nde abstecken, Strukturen ausrichten oder Planierarbeiten durchf\u00fchren \u2013 der Laserempf\u00e4nger LP700 f\u00fcr Lasernivellieranwendungen sorgt daf\u00fcr, dass Sie Ihre Ziele sicher erreichen.<\/p>\n<p>Der LP700 wurde f\u00fcr h\u00f6chsten Benutzerkomfort entwickelt. Sein leichtes und kompaktes Design macht ihn tragbar und einfach zu handhaben, w\u00e4hrend seine robuste Konstruktion Langlebigkeit in anspruchsvollen Arbeitsumgebungen garantiert. Der Empf\u00e4nger l\u00e4sst sich problemlos auf Stativen oder anderen Oberfl\u00e4chen montieren und bietet so Flexibilit\u00e4t f\u00fcr verschiedene Anwendungen. Die lange Akkulaufzeit sorgt zudem daf\u00fcr, dass Sie sich w\u00e4hrend Ihres gesamten Arbeitstages ohne Unterbrechungen auf den LP700 verlassen k\u00f6nnen.<\/p>\n<p><img fetchpriority=\"high\" decoding=\"async\" class=\"aligncenter wp-image-13467 size-medium\" src=\"https:\/\/k-level.com\/wp-content\/uploads\/2025\/06\/03-1-300x300.jpg\" alt=\"LP700 Laserempf\u00e4nger f\u00fcr Lasernivellier\" width=\"300\" height=\"300\" srcset=\"https:\/\/k-level.com\/wp-content\/uploads\/2025\/06\/03-1-300x300.jpg 300w, https:\/\/k-level.com\/wp-content\/uploads\/2025\/06\/03-1-150x150.jpg 150w, https:\/\/k-level.com\/wp-content\/uploads\/2025\/06\/03-1-768x768.jpg 768w, https:\/\/k-level.com\/wp-content\/uploads\/2025\/06\/03-1-12x12.jpg 12w, https:\/\/k-level.com\/wp-content\/uploads\/2025\/06\/03-1-370x370.jpg 370w, https:\/\/k-level.com\/wp-content\/uploads\/2025\/06\/03-1-400x400.jpg 400w, https:\/\/k-level.com\/wp-content\/uploads\/2025\/06\/03-1-100x100.jpg 100w, https:\/\/k-level.com\/wp-content\/uploads\/2025\/06\/03-1-50x50.jpg 50w, https:\/\/k-level.com\/wp-content\/uploads\/2025\/06\/03-1.jpg 800w\" sizes=\"(max-width: 300px) 100vw, 300px\" \/><\/p>\n<p>Der <a href=\"https:\/\/k-level.com\/de\/uber-uns\/\">LP700 Empf\u00e4nger<\/a> Der Laser kann bis zu 400 Meter (mit dem K-LEVEL Rotationslaser) und bis zu 300 Meter (mit anderen Rotationslasern) eingesetzt werden. Dank der Klemme l\u00e4sst er sich leicht fixieren und positionieren. Er wird mit Alkaline-Batterien Nr. 5 betrieben und zeigt die gemessene Distanz deutlich an.<\/p>\n<p>Ben\u00f6tigen Sie eine L\u00f6sung?<br \/>\nK-level bietet Beratungsleistungen f\u00fcr Vermessungsger\u00e4te an. Kontaktieren Sie uns f\u00fcr Gro\u00dfbestellungen oder technischen Support!<\/p>\n<p>&nbsp;<\/p>","protected":false},"excerpt":{"rendered":"<ul>\n<li>Der LP700-Empf\u00e4nger ist ein effizienter und langlebiger Messempf\u00e4nger.<\/li>\n<li>Geeignet f\u00fcr die Verwendung mit dem ROTARY LASER-Kit.<\/li>\n<li>Der Laserempf\u00e4nger LP700 f\u00fcr Lasernivelliere erm\u00f6glicht genaue und zuverl\u00e4ssige Messungen.<\/li>\n<\/ul>\n<p><img decoding=\"async\" class=\"alignnone size-medium wp-image-13646\" src=\"https:\/\/k-level.com\/wp-content\/uploads\/2025\/05\/logo-300x98.png\" alt=\"\" width=\"300\" height=\"98\" srcset=\"https:\/\/k-level.com\/wp-content\/uploads\/2025\/05\/logo-300x98.png 300w, https:\/\/k-level.com\/wp-content\/uploads\/2025\/05\/logo-18x6.png 18w, https:\/\/k-level.com\/wp-content\/uploads\/2025\/05\/logo.png 307w\" sizes=\"(max-width: 300px) 100vw, 300px\" \/><\/p>","protected":false},"featured_media":14003,"comment_status":"open","ping_status":"closed","template":"","meta":[],"product_brand":[],"product_cat":[223],"product_tag":[237],"class_list":{"0":"post-13464","1":"product","2":"type-product","3":"status-publish","4":"has-post-thumbnail","6":"product_cat-rotary-laser-detector","7":"product_tag-professional-engineering","9":"first","10":"instock","11":"shipping-taxable","12":"product-type-simple"},"_links":{"self":[{"href":"https:\/\/k-level.com\/de\/wp-json\/wp\/v2\/product\/13464","targetHints":{"allow":["GET"]}}],"collection":[{"href":"https:\/\/k-level.com\/de\/wp-json\/wp\/v2\/product"}],"about":[{"href":"https:\/\/k-level.com\/de\/wp-json\/wp\/v2\/types\/product"}],"replies":[{"embeddable":true,"href":"https:\/\/k-level.com\/de\/wp-json\/wp\/v2\/comments?post=13464"}],"version-history":[{"count":4,"href":"https:\/\/k-level.com\/de\/wp-json\/wp\/v2\/product\/13464\/revisions"}],"predecessor-version":[{"id":13767,"href":"https:\/\/k-level.com\/de\/wp-json\/wp\/v2\/product\/13464\/revisions\/13767"}],"wp:featuredmedia":[{"embeddable":true,"href":"https:\/\/k-level.com\/de\/wp-json\/wp\/v2\/media\/14003"}],"wp:attachment":[{"href":"https:\/\/k-level.com\/de\/wp-json\/wp\/v2\/media?parent=13464"}],"wp:term":[{"taxonomy":"product_brand","embeddable":true,"href":"https:\/\/k-level.com\/de\/wp-json\/wp\/v2\/product_brand?post=13464"},{"taxonomy":"product_cat","embeddable":true,"href":"https:\/\/k-level.com\/de\/wp-json\/wp\/v2\/product_cat?post=13464"},{"taxonomy":"product_tag","embeddable":true,"href":"https:\/\/k-level.com\/de\/wp-json\/wp\/v2\/product_tag?post=13464"}],"curies":[{"name":"wp","href":"https:\/\/api.w.org\/{rel}","templated":true}]}}