{"id":13075,"date":"2025-06-11T15:16:35","date_gmt":"2025-06-11T07:16:35","guid":{"rendered":"https:\/\/k-level.com\/?post_type=product&#038;p=13075"},"modified":"2026-03-30T09:49:36","modified_gmt":"2026-03-30T01:49:36","slug":"krl-440-rotationslaser-mit-automatischer-ausrichtung","status":"publish","type":"product","link":"https:\/\/k-level.com\/de\/produkt\/krl-440-rotationslaser-mit-automatischer-ausrichtung\/","title":{"rendered":"KRL-440 Rotationslaser"},"content":{"rendered":"<p><strong>Einf\u00fchrung in den Rotationslaser KRL-440<\/strong><\/p>\n<p>Der <strong>KRL-440 Rotationslaser mit automatischer Ausrichtung<\/strong> repr\u00e4sentiert die n\u00e4chste Generation von <a href=\"https:\/\/k-level.com\/de\/kontakt\/\">Pr\u00e4zisionsnivellierungstechnologie<\/a>, kombiniert fortschrittliche Selbstnivellierungsfunktionen mit Zweiachsenfunktionalit\u00e4t. Als professioneller horizontaler und vertikaler Rotationslaser bietet dieser selbstausrichtende Rotationslaser eine au\u00dfergew\u00f6hnliche Genauigkeit von \u00b13 mm auf 30 m und ist damit ideal f\u00fcr anspruchsvolle Bau-, Planier- und Layoutanwendungen. Das Rotationssystem des Nivellierlasers verf\u00fcgt \u00fcber einen einzigartigen automatischen Kompensationsmechanismus, der selbst auf unebenen Oberfl\u00e4chen eine perfekte Ausrichtung gew\u00e4hrleistet, die Einrichtungszeit deutlich reduziert und die Effizienz auf der Baustelle verbessert.<\/p>\n<p>Unser innovativer horizontaler und vertikaler Rotationslaser bietet un\u00fcbertroffene Vielseitigkeit und kann gleichzeitig 360\u00b0-Horizontalebenen und pr\u00e4zise vertikale Lotlinien projizieren. Der gut sichtbare Laserstrahl des selbstausrichtenden Rotationslasers KRL-440 bleibt bei Tageslicht bis zu 150 m weit deutlich sichtbar, w\u00e4hrend die erweiterte Reichweite von 800 m mit Detektor zuverl\u00e4ssige Leistung bei Gro\u00dfprojekten gew\u00e4hrleistet. Diese Rotationslaserl\u00f6sung eignet sich besonders f\u00fcr Anwendungen, die sowohl Ebenheit als auch Lot ben\u00f6tigen, wie z. B. Stahlbau, Betonschalung und Innenaufteilung.<\/p>\n<p>Der selbstausrichtende Rotationslaser KRL-440 verf\u00fcgt \u00fcber ein robustes IP66-Geh\u00e4use, das rauen Baustellenbedingungen wie Staub, Wasser und versehentlichem Herunterfallen standh\u00e4lt. Das System ist mit unserer propriet\u00e4ren SmartRemote\u2122-Steuerung ausgestattet und erm\u00f6glicht die Bedienung durch eine Person aus Entfernungen von bis zu 100 m. Als horizontaler und vertikaler Rotationslaser verf\u00fcgt er \u00fcber eine intuitive Neigungsfunktion mit \u00b110\u00b0-Einstellbarkeit f\u00fcr pr\u00e4zise Planierarbeiten. Bauunternehmer werden das vibrationsfeste Design und die verl\u00e4ngerte Batterielebensdauer von 40 Stunden dieses professionellen Laser-Rotationssystems zu sch\u00e4tzen wissen, das auch \u00fcber lange Arbeitsschichten hinweg eine konstante Leistung bietet.<\/p>\n<p>&nbsp;<\/p>\n<p><img fetchpriority=\"high\" decoding=\"async\" class=\"aligncenter wp-image-13077 size-medium\" src=\"https:\/\/k-level.com\/wp-content\/uploads\/2025\/06\/KRL-4402-1-300x300.jpg\" alt=\"KRL-440 Rotationslaser mit automatischer Ausrichtung\" width=\"300\" height=\"300\" srcset=\"https:\/\/k-level.com\/wp-content\/uploads\/2025\/06\/KRL-4402-1-300x300.jpg 300w, https:\/\/k-level.com\/wp-content\/uploads\/2025\/06\/KRL-4402-1-370x370.jpg 370w, https:\/\/k-level.com\/wp-content\/uploads\/2025\/06\/KRL-4402-1-100x100.jpg 100w, https:\/\/k-level.com\/wp-content\/uploads\/2025\/06\/KRL-4402-1-400x400.jpg 400w, https:\/\/k-level.com\/wp-content\/uploads\/2025\/06\/KRL-4402-1-150x150.jpg 150w, https:\/\/k-level.com\/wp-content\/uploads\/2025\/06\/KRL-4402-1-768x768.jpg 768w, https:\/\/k-level.com\/wp-content\/uploads\/2025\/06\/KRL-4402-1-12x12.jpg 12w, https:\/\/k-level.com\/wp-content\/uploads\/2025\/06\/KRL-4402-1-50x50.jpg 50w, https:\/\/k-level.com\/wp-content\/uploads\/2025\/06\/KRL-4402-1.jpg 800w\" sizes=\"(max-width: 300px) 100vw, 300px\" \/><\/p>\n<p>Der KRL-440 <a href=\"https:\/\/k-level.com\/de\/kontakt\/\">Rotationslaser<\/a> eignet sich ideal f\u00fcr eine Vielzahl von Anwendungen, darunter Planierarbeiten, Aushubarbeiten und Fundamentlegung. Dank seiner hohen Pr\u00e4zision und des gro\u00dfen Arbeitsbereichs eignet es sich sowohl f\u00fcr den Innen- als auch f\u00fcr den Au\u00dfenbereich und ist somit ein wertvolles Werkzeug f\u00fcr Bauunternehmer, Vermesser und Bauherren.<\/p>\n<p><strong>Modellparametervergleich verschiedener Rotationslaserinstrumente<\/strong><\/p>\n<table width=\"1112\">\n<tbody>\n<tr>\n<td width=\"101\">Artikelnummer<\/td>\n<td width=\"101\">Strahl<\/td>\n<td width=\"101\">Horizontal<\/td>\n<td width=\"101\">Vertikal<\/td>\n<td width=\"101\">Top-Punkt<\/td>\n<td width=\"101\">Tiefpunkt<\/td>\n<td width=\"168\">Handhaben<\/td>\n<td width=\"333\">Blase<\/td>\n<\/tr>\n<tr>\n<td>KRL-405R<\/td>\n<td>Roter Strahl<\/td>\n<td>\u2714<\/td>\n<td><\/td>\n<td><\/td>\n<td><\/td>\n<td>Einzelgriff<\/td>\n<td>1 unabh\u00e4ngige Blase + 1 runde Blase<\/td>\n<\/tr>\n<tr>\n<td>KRL-405G<\/td>\n<td>Gr\u00fcner Strahl<\/td>\n<td>\u2714<\/td>\n<td><\/td>\n<td><\/td>\n<td><\/td>\n<td>Einzelgriff<\/td>\n<td>1 unabh\u00e4ngige Blase + 1 runde Blase<\/td>\n<\/tr>\n<tr>\n<td>KRL-410R<\/td>\n<td>Roter Strahl<\/td>\n<td>\u2714<\/td>\n<td>\u2714<\/td>\n<td>\u2714<\/td>\n<td><\/td>\n<td>Einzelgriff<\/td>\n<td>1 unabh\u00e4ngige Blase + 1 runde Blase<\/td>\n<\/tr>\n<tr>\n<td>KRL-410G<\/td>\n<td>Gr\u00fcner Strahl<\/td>\n<td>\u2714<\/td>\n<td>\u2714<\/td>\n<td>\u2714<\/td>\n<td><\/td>\n<td>Einzelgriff<\/td>\n<td>1 unabh\u00e4ngige Blase + 1 runde Blase<\/td>\n<\/tr>\n<tr>\n<td>KRL-420G<\/td>\n<td>Gr\u00fcner Strahl<\/td>\n<td>\u2714<\/td>\n<td>\u2714<\/td>\n<td>\u2714<\/td>\n<td>\u2714<\/td>\n<td>Doppelgriff<\/td>\n<td>1 unabh\u00e4ngige Blase + 1 runde Blase<\/td>\n<\/tr>\n<tr>\n<td>KRL-420R<\/td>\n<td>Roter Strahl<\/td>\n<td>\u2714<\/td>\n<td>\u2714<\/td>\n<td>\u2714<\/td>\n<td>\u2714<\/td>\n<td>Doppelgriff<\/td>\n<td>1 unabh\u00e4ngige Blase + 1 runde Blase<\/td>\n<\/tr>\n<tr>\n<td>KRL-440R<\/td>\n<td>Roter Strahl<\/td>\n<td>\u2714<\/td>\n<td>\u2714<\/td>\n<td>\u2714<\/td>\n<td>\u2714<\/td>\n<td>Vier Griffe<\/td>\n<td>1 unabh\u00e4ngige Blase + 1 runde Blase<\/td>\n<\/tr>\n<tr>\n<td>KRL-440G<\/td>\n<td>Gr\u00fcner Strahl<\/td>\n<td>\u2714<\/td>\n<td>\u2714<\/td>\n<td>\u2714<\/td>\n<td>\u2714<\/td>\n<td>Vier Griffe<\/td>\n<td>1 unabh\u00e4ngige Blase + 1 runde Blase<\/td>\n<\/tr>\n<tr>\n<td>KRL-540G<\/td>\n<td>Gr\u00fcner Strahl<\/td>\n<td>\u2714<\/td>\n<td>\u2714<\/td>\n<td colspan=\"2\" width=\"203\">3 unabh\u00e4ngige lange Sensoren<\/td>\n<td>Vier Griffe<\/td>\n<td>3 unabh\u00e4ngige lange Blister<\/td>\n<\/tr>\n<tr>\n<td>KRL-540R<\/td>\n<td>Roter Strahl<\/td>\n<td>\u2714<\/td>\n<td>\u2714<\/td>\n<td colspan=\"2\" width=\"203\">3 unabh\u00e4ngige lange Sensoren<\/td>\n<td>Vier Griffe<\/td>\n<td>3 unabh\u00e4ngige lange Blister<\/td>\n<\/tr>\n<tr>\n<td>KRL-640R<\/td>\n<td>Roter Strahl<\/td>\n<td>\u2714<\/td>\n<td>\u2714<\/td>\n<td colspan=\"2\" width=\"203\">3 unabh\u00e4ngige lange Sensoren<\/td>\n<td>Vier Griffe<\/td>\n<td>3 unabh\u00e4ngige lange Blister<\/td>\n<\/tr>\n<tr>\n<td>KRL-640G<\/td>\n<td>Gr\u00fcner Strahl<\/td>\n<td>\u2714<\/td>\n<td>\u2714<\/td>\n<td colspan=\"2\" width=\"203\">3 unabh\u00e4ngige lange Sensoren<\/td>\n<td>Vier Griffe<\/td>\n<td>3 unabh\u00e4ngige lange Blister<\/td>\n<\/tr>\n<\/tbody>\n<\/table>\n<p>Ben\u00f6tigen Sie eine L\u00f6sung?<\/p>\n<p>K-level bietet Beratungsdienste f\u00fcr <a href=\"https:\/\/k-level.com\/de\/geschaft\/\">Vermessungsger\u00e4te<\/a>. Kontaktieren Sie uns f\u00fcr Gro\u00dfbestellungen oder technischen Support!<\/p>","protected":false},"excerpt":{"rendered":"<ul>\n<li>Der Rotationslaser KRL-440 ist ein Rotationslaser der Spitzenklasse.<\/li>\n<li>KRL-440 Rotationslaser-Messger\u00e4t mit automatischer Ausrichtung<\/li>\n<li>Rotationslaser mit automatischer Ausrichtung f\u00fcr pr\u00e4zise und effiziente Nivellierung bei jeder Anwendung.<\/li>\n<\/ul>\n<p><img decoding=\"async\" class=\"alignnone size-medium wp-image-13646\" src=\"https:\/\/k-level.com\/wp-content\/uploads\/2025\/05\/logo-300x98.png\" alt=\"\" width=\"300\" height=\"98\" srcset=\"https:\/\/k-level.com\/wp-content\/uploads\/2025\/05\/logo-300x98.png 300w, https:\/\/k-level.com\/wp-content\/uploads\/2025\/05\/logo-18x6.png 18w, https:\/\/k-level.com\/wp-content\/uploads\/2025\/05\/logo.png 307w\" sizes=\"(max-width: 300px) 100vw, 300px\" \/><\/p>","protected":false},"featured_media":14000,"comment_status":"open","ping_status":"closed","template":"","meta":[],"product_brand":[],"product_cat":[242],"product_tag":[236],"class_list":{"0":"post-13075","1":"product","2":"type-product","3":"status-publish","4":"has-post-thumbnail","6":"product_cat-krl-440","7":"product_tag-construction","9":"first","10":"instock","11":"shipping-taxable","12":"product-type-simple"},"_links":{"self":[{"href":"https:\/\/k-level.com\/de\/wp-json\/wp\/v2\/product\/13075","targetHints":{"allow":["GET"]}}],"collection":[{"href":"https:\/\/k-level.com\/de\/wp-json\/wp\/v2\/product"}],"about":[{"href":"https:\/\/k-level.com\/de\/wp-json\/wp\/v2\/types\/product"}],"replies":[{"embeddable":true,"href":"https:\/\/k-level.com\/de\/wp-json\/wp\/v2\/comments?post=13075"}],"version-history":[{"count":4,"href":"https:\/\/k-level.com\/de\/wp-json\/wp\/v2\/product\/13075\/revisions"}],"predecessor-version":[{"id":14081,"href":"https:\/\/k-level.com\/de\/wp-json\/wp\/v2\/product\/13075\/revisions\/14081"}],"wp:featuredmedia":[{"embeddable":true,"href":"https:\/\/k-level.com\/de\/wp-json\/wp\/v2\/media\/14000"}],"wp:attachment":[{"href":"https:\/\/k-level.com\/de\/wp-json\/wp\/v2\/media?parent=13075"}],"wp:term":[{"taxonomy":"product_brand","embeddable":true,"href":"https:\/\/k-level.com\/de\/wp-json\/wp\/v2\/product_brand?post=13075"},{"taxonomy":"product_cat","embeddable":true,"href":"https:\/\/k-level.com\/de\/wp-json\/wp\/v2\/product_cat?post=13075"},{"taxonomy":"product_tag","embeddable":true,"href":"https:\/\/k-level.com\/de\/wp-json\/wp\/v2\/product_tag?post=13075"}],"curies":[{"name":"wp","href":"https:\/\/api.w.org\/{rel}","templated":true}]}}