{"id":13070,"date":"2025-06-11T14:39:02","date_gmt":"2025-06-11T06:39:02","guid":{"rendered":"https:\/\/k-level.com\/?post_type=product&#038;p=13070"},"modified":"2026-03-30T09:44:18","modified_gmt":"2026-03-30T01:44:18","slug":"rotationslaser-nivelliergerat-krl-420-zum-planieren","status":"publish","type":"product","link":"https:\/\/k-level.com\/de\/produkt\/rotationslaser-nivelliergerat-krl-420-zum-planieren\/","title":{"rendered":"KRL-420 Rotationslaser"},"content":{"rendered":"<p><strong>KRL-420 Rotationslaser-Wasserwaage zum Planieren Einf\u00fchrung<\/strong><\/p>\n<p>Der Rotationslaser KRL-420 ist ein professioneller Rotationslaser f\u00fcr pr\u00e4zise Planier-, Bau- und Vermessungsarbeiten. Dieser fortschrittliche horizontale und vertikale Rotationslaser bietet au\u00dfergew\u00f6hnliche Genauigkeit mit einem Selbstnivellierungsbereich von \u00b15\u00b0 und eignet sich daher ideal f\u00fcr Hangarbeiten, Fundamentausrichtung und Baustellenvorbereitung. Sein robuster, um 360\u00b0 drehbarer Strahl sorgt f\u00fcr eine vollst\u00e4ndige Abdeckung auf Baustellen, w\u00e4hrend eine Reichweite von bis zu 1.200 m (mit Detektor) zuverl\u00e4ssige Leistung bei gro\u00dfen Au\u00dfenprojekten garantiert.<\/p>\n<p>Als vielseitiger <strong>Rotationslaser-Wasserwaage zum Planieren<\/strong>Der KRL-420 verf\u00fcgt \u00fcber eine Dual-Mode-Funktionalit\u00e4t, die einen nahtlosen Wechsel zwischen horizontaler und vertikaler Nivellierung erm\u00f6glicht. Die horizontale und vertikale Rotationslaser-Nivellierf\u00e4higkeit macht ihn ideal f\u00fcr Anwendungen wie Rohrinstallation, Betonschalung und Innenausbau. Dank seines IP66-Geh\u00e4uses h\u00e4lt er rauen Baustellenbedingungen wie Staub, Feuchtigkeit und Vibrationen stand.<\/p>\n<p>Der <a href=\"https:\/\/k-level.com\/de\/geschaft\/\">rotierende Laser-Wasserwaage<\/a> Wird als Komplettset geliefert, inklusive Hochleistungsstativ, Laserdetektor, Fernbedienung und robuster Tragetasche f\u00fcr den einfachen Transport. Mit einer Genauigkeit von \u00b11 mm auf 30 m und einem automatischen Alarm bei Nivellierung sorgt der KRL-420 f\u00fcr Effizienz und Pr\u00e4zision bei jeder Aufgabe. Ob Bauunternehmer, Vermesser oder Ingenieur \u2013 dieser Rotationslaser f\u00fcr die Nivellierung steigert die Produktivit\u00e4t und liefert professionelle Ergebnisse.<\/p>\n<p>&nbsp;<\/p>\n<p><img fetchpriority=\"high\" decoding=\"async\" class=\"aligncenter wp-image-13071 size-medium\" src=\"https:\/\/k-level.com\/wp-content\/uploads\/2025\/06\/KRL-4203-300x300.jpg\" alt=\"Rotationslaser-Nivellierger\u00e4t KRL-420 zum Planieren\" width=\"300\" height=\"300\" srcset=\"https:\/\/k-level.com\/wp-content\/uploads\/2025\/06\/KRL-4203-300x300.jpg 300w, https:\/\/k-level.com\/wp-content\/uploads\/2025\/06\/KRL-4203-370x370.jpg 370w, https:\/\/k-level.com\/wp-content\/uploads\/2025\/06\/KRL-4203-100x100.jpg 100w, https:\/\/k-level.com\/wp-content\/uploads\/2025\/06\/KRL-4203-400x400.jpg 400w, https:\/\/k-level.com\/wp-content\/uploads\/2025\/06\/KRL-4203-150x150.jpg 150w, https:\/\/k-level.com\/wp-content\/uploads\/2025\/06\/KRL-4203-768x768.jpg 768w, https:\/\/k-level.com\/wp-content\/uploads\/2025\/06\/KRL-4203-12x12.jpg 12w, https:\/\/k-level.com\/wp-content\/uploads\/2025\/06\/KRL-4203-50x50.jpg 50w, https:\/\/k-level.com\/wp-content\/uploads\/2025\/06\/KRL-4203.jpg 800w\" sizes=\"(max-width: 300px) 100vw, 300px\" \/><\/p>\n<p><strong>Modellparametervergleich verschiedener <a href=\"https:\/\/k-level.com\/de\/\">Rotationslaserger\u00e4te<\/a><\/strong><\/p>\n<table width=\"1112\">\n<tbody>\n<tr>\n<td width=\"101\">Artikelnummer<\/td>\n<td width=\"101\">Strahl<\/td>\n<td width=\"101\">Horizontal<\/td>\n<td width=\"101\">Vertikal<\/td>\n<td width=\"101\">Top-Punkt<\/td>\n<td width=\"101\">Tiefpunkt<\/td>\n<td width=\"168\">Handhaben<\/td>\n<td width=\"333\">Blase<\/td>\n<\/tr>\n<tr>\n<td>KRL-405R<\/td>\n<td>Roter Strahl<\/td>\n<td>\u2714<\/td>\n<td><\/td>\n<td><\/td>\n<td><\/td>\n<td>Einzelgriff<\/td>\n<td>1 unabh\u00e4ngige Blase + 1 runde Blase<\/td>\n<\/tr>\n<tr>\n<td>KRL-405G<\/td>\n<td>Gr\u00fcner Strahl<\/td>\n<td>\u2714<\/td>\n<td><\/td>\n<td><\/td>\n<td><\/td>\n<td>Einzelgriff<\/td>\n<td>1 unabh\u00e4ngige Blase + 1 runde Blase<\/td>\n<\/tr>\n<tr>\n<td>KRL-410R<\/td>\n<td>Roter Strahl<\/td>\n<td>\u2714<\/td>\n<td>\u2714<\/td>\n<td>\u2714<\/td>\n<td><\/td>\n<td>Einzelgriff<\/td>\n<td>1 unabh\u00e4ngige Blase + 1 runde Blase<\/td>\n<\/tr>\n<tr>\n<td>KRL-410G<\/td>\n<td>Gr\u00fcner Strahl<\/td>\n<td>\u2714<\/td>\n<td>\u2714<\/td>\n<td>\u2714<\/td>\n<td><\/td>\n<td>Einzelgriff<\/td>\n<td>1 unabh\u00e4ngige Blase + 1 runde Blase<\/td>\n<\/tr>\n<tr>\n<td>KRL-420G<\/td>\n<td>Gr\u00fcner Strahl<\/td>\n<td>\u2714<\/td>\n<td>\u2714<\/td>\n<td>\u2714<\/td>\n<td>\u2714<\/td>\n<td>Doppelgriff<\/td>\n<td>1 unabh\u00e4ngige Blase + 1 runde Blase<\/td>\n<\/tr>\n<tr>\n<td>KRL-420R<\/td>\n<td>Roter Strahl<\/td>\n<td>\u2714<\/td>\n<td>\u2714<\/td>\n<td>\u2714<\/td>\n<td>\u2714<\/td>\n<td>Doppelgriff<\/td>\n<td>1 unabh\u00e4ngige Blase + 1 runde Blase<\/td>\n<\/tr>\n<tr>\n<td>KRL-440R<\/td>\n<td>Roter Strahl<\/td>\n<td>\u2714<\/td>\n<td>\u2714<\/td>\n<td>\u2714<\/td>\n<td>\u2714<\/td>\n<td>Vier Griffe<\/td>\n<td>1 unabh\u00e4ngige Blase + 1 runde Blase<\/td>\n<\/tr>\n<tr>\n<td>KRL-440G<\/td>\n<td>Gr\u00fcner Strahl<\/td>\n<td>\u2714<\/td>\n<td>\u2714<\/td>\n<td>\u2714<\/td>\n<td>\u2714<\/td>\n<td>Vier Griffe<\/td>\n<td>1 unabh\u00e4ngige Blase + 1 runde Blase<\/td>\n<\/tr>\n<tr>\n<td>KRL-540G<\/td>\n<td>Gr\u00fcner Strahl<\/td>\n<td>\u2714<\/td>\n<td>\u2714<\/td>\n<td colspan=\"2\" width=\"203\">3 unabh\u00e4ngige lange Sensoren<\/td>\n<td>Vier Griffe<\/td>\n<td>3 unabh\u00e4ngige lange Blister<\/td>\n<\/tr>\n<tr>\n<td>KRL-540R<\/td>\n<td>Roter Strahl<\/td>\n<td>\u2714<\/td>\n<td>\u2714<\/td>\n<td colspan=\"2\" width=\"203\">3 unabh\u00e4ngige lange Sensoren<\/td>\n<td>Vier Griffe<\/td>\n<td>3 unabh\u00e4ngige lange Blister<\/td>\n<\/tr>\n<tr>\n<td>KRL-640R<\/td>\n<td>Roter Strahl<\/td>\n<td>\u2714<\/td>\n<td>\u2714<\/td>\n<td colspan=\"2\" width=\"203\">3 unabh\u00e4ngige lange Sensoren<\/td>\n<td>Vier Griffe<\/td>\n<td>3 unabh\u00e4ngige lange Blister<\/td>\n<\/tr>\n<tr>\n<td>KRL-640G<\/td>\n<td>Gr\u00fcner Strahl<\/td>\n<td>\u2714<\/td>\n<td>\u2714<\/td>\n<td colspan=\"2\" width=\"203\">3 unabh\u00e4ngige lange Sensoren<\/td>\n<td>Vier Griffe<\/td>\n<td>3 unabh\u00e4ngige lange Blister<\/td>\n<\/tr>\n<\/tbody>\n<\/table>\n<p>Ben\u00f6tigen Sie eine L\u00f6sung?<\/p>\n<p><a href=\"https:\/\/k-level.com\/de\/\">K-Stufe<\/a> bietet Beratungsdienste f\u00fcr Vermessungsger\u00e4te an. Kontaktieren Sie uns f\u00fcr Gro\u00dfbestellungen oder technischen Support!<\/p>","protected":false},"excerpt":{"rendered":"<ul>\n<li>Kombination aus hochmoderner automatischer Rotationsausrichtung<\/li>\n<li>Lasertechnologie mit robuster Leistung<\/li>\n<li>Der Rotationslaser KRL-420 zum Planieren ist der ultimative multifunktionale Rotationslaser f\u00fcr Profis.<\/li>\n<\/ul>\n<p><img decoding=\"async\" class=\"alignnone size-medium wp-image-13646\" src=\"https:\/\/k-level.com\/wp-content\/uploads\/2025\/05\/logo-300x98.png\" alt=\"\" width=\"300\" height=\"98\" srcset=\"https:\/\/k-level.com\/wp-content\/uploads\/2025\/05\/logo-300x98.png 300w, https:\/\/k-level.com\/wp-content\/uploads\/2025\/05\/logo-18x6.png 18w, https:\/\/k-level.com\/wp-content\/uploads\/2025\/05\/logo.png 307w\" sizes=\"(max-width: 300px) 100vw, 300px\" \/><\/p>","protected":false},"featured_media":13999,"comment_status":"open","ping_status":"closed","template":"","meta":[],"product_brand":[],"product_cat":[241],"product_tag":[236],"class_list":{"0":"post-13070","1":"product","2":"type-product","3":"status-publish","4":"has-post-thumbnail","6":"product_cat-krl-420","7":"product_tag-construction","9":"first","10":"instock","11":"shipping-taxable","12":"product-type-simple"},"_links":{"self":[{"href":"https:\/\/k-level.com\/de\/wp-json\/wp\/v2\/product\/13070","targetHints":{"allow":["GET"]}}],"collection":[{"href":"https:\/\/k-level.com\/de\/wp-json\/wp\/v2\/product"}],"about":[{"href":"https:\/\/k-level.com\/de\/wp-json\/wp\/v2\/types\/product"}],"replies":[{"embeddable":true,"href":"https:\/\/k-level.com\/de\/wp-json\/wp\/v2\/comments?post=13070"}],"version-history":[{"count":5,"href":"https:\/\/k-level.com\/de\/wp-json\/wp\/v2\/product\/13070\/revisions"}],"predecessor-version":[{"id":14082,"href":"https:\/\/k-level.com\/de\/wp-json\/wp\/v2\/product\/13070\/revisions\/14082"}],"wp:featuredmedia":[{"embeddable":true,"href":"https:\/\/k-level.com\/de\/wp-json\/wp\/v2\/media\/13999"}],"wp:attachment":[{"href":"https:\/\/k-level.com\/de\/wp-json\/wp\/v2\/media?parent=13070"}],"wp:term":[{"taxonomy":"product_brand","embeddable":true,"href":"https:\/\/k-level.com\/de\/wp-json\/wp\/v2\/product_brand?post=13070"},{"taxonomy":"product_cat","embeddable":true,"href":"https:\/\/k-level.com\/de\/wp-json\/wp\/v2\/product_cat?post=13070"},{"taxonomy":"product_tag","embeddable":true,"href":"https:\/\/k-level.com\/de\/wp-json\/wp\/v2\/product_tag?post=13070"}],"curies":[{"name":"wp","href":"https:\/\/api.w.org\/{rel}","templated":true}]}}