{"id":13040,"date":"2025-06-11T11:26:44","date_gmt":"2025-06-11T03:26:44","guid":{"rendered":"https:\/\/k-level.com\/?post_type=product&#038;p=13040"},"modified":"2026-03-30T09:40:54","modified_gmt":"2026-03-30T01:40:54","slug":"kll-d800-linienlaser","status":"publish","type":"product","link":"https:\/\/k-level.com\/de\/produkt\/kll-d800-linienlaser\/","title":{"rendered":"KLL-D800 Linienlaser"},"content":{"rendered":"<p><strong>Einf\u00fchrung zum Linienlaser KLL-D800<\/strong><\/p>\n<p>K-Level gilt als f\u00fchrender Hersteller von Messger\u00e4ten, und unsere Linienlaserserie KLL-D800 ist ein Beweis f\u00fcr unser Engagement f\u00fcr Qualit\u00e4t und Innovation. Zu den Flaggschiffprodukten dieser Serie geh\u00f6rt der <strong>Selbstnivellierender Kreuzlinienlaser f\u00fcr den Au\u00dfenbereich<\/strong>, speziell f\u00fcr den Au\u00dfeneinsatz entwickelt. Diese hochmoderne Laserwasserwaage bietet h\u00f6chste Genauigkeit und Zuverl\u00e4ssigkeit in verschiedenen Au\u00dfenumgebungen und ist damit ein unverzichtbares Werkzeug f\u00fcr Profis und Heimwerker.<\/p>\n<p>Zus\u00e4tzlich zu seinen robusten Selbstnivellierungsfunktionen bietet der <a href=\"https:\/\/k-level.com\/de\/uber-uns\/\">Selbstnivellierender Kreuzlinienlaser f\u00fcr den Au\u00dfenbereich<\/a> ist auf Langlebigkeit und Benutzerfreundlichkeit ausgelegt. Sein robustes Geh\u00e4use h\u00e4lt rauen Umgebungsbedingungen stand und gew\u00e4hrleistet dauerhafte Leistung auf jeder Baustelle. Die benutzerfreundliche Oberfl\u00e4che erm\u00f6glicht eine schnelle Einrichtung und Bedienung und ist somit sowohl f\u00fcr Anf\u00e4nger als auch f\u00fcr erfahrene Anwender geeignet. Das mitgelieferte Montagezubeh\u00f6r erh\u00f6ht die Vielseitigkeit zus\u00e4tzlich und erm\u00f6glicht die Befestigung des Lasers in verschiedenen Positionen, um die gew\u00fcnschte Ausrichtung zu erreichen.<\/p>\n<p>Der <a href=\"https:\/\/k-level.com\/de\/uber-uns\/\">KLL-D800<\/a> steht nicht nur f\u00fcr Funktionalit\u00e4t, sondern auch f\u00fcr Mobilit\u00e4t. Dank seines geringen Gewichts und seiner kompakten Bauweise l\u00e4sst sich dieser Laser problemlos von einer Baustelle zur anderen transportieren, sodass Sie immer ein zuverl\u00e4ssiges Messwerkzeug zur Hand haben. Ob Sie Z\u00e4une ausrichten, Fundamente legen oder Landschaftsgestaltungen markieren \u2013 der selbstnivellierende Kreuzlinienlaser f\u00fcr den Au\u00dfenbereich ist die perfekte L\u00f6sung f\u00fcr pr\u00e4zise Ergebnisse.<\/p>\n<p><img fetchpriority=\"high\" decoding=\"async\" class=\"aligncenter wp-image-13041 size-medium\" src=\"https:\/\/k-level.com\/wp-content\/uploads\/2025\/06\/KLL-8001-1-300x300.jpg\" alt=\"Selbstnivellierender Kreuzlinienlaser f\u00fcr den Au\u00dfenbereich\" width=\"300\" height=\"300\" srcset=\"https:\/\/k-level.com\/wp-content\/uploads\/2025\/06\/KLL-8001-1-300x300.jpg 300w, https:\/\/k-level.com\/wp-content\/uploads\/2025\/06\/KLL-8001-1-370x370.jpg 370w, https:\/\/k-level.com\/wp-content\/uploads\/2025\/06\/KLL-8001-1-100x100.jpg 100w, https:\/\/k-level.com\/wp-content\/uploads\/2025\/06\/KLL-8001-1-400x400.jpg 400w, https:\/\/k-level.com\/wp-content\/uploads\/2025\/06\/KLL-8001-1-150x150.jpg 150w, https:\/\/k-level.com\/wp-content\/uploads\/2025\/06\/KLL-8001-1-768x768.jpg 768w, https:\/\/k-level.com\/wp-content\/uploads\/2025\/06\/KLL-8001-1-12x12.jpg 12w, https:\/\/k-level.com\/wp-content\/uploads\/2025\/06\/KLL-8001-1-50x50.jpg 50w, https:\/\/k-level.com\/wp-content\/uploads\/2025\/06\/KLL-8001-1.jpg 800w\" sizes=\"(max-width: 300px) 100vw, 300px\" \/><\/p>\n<p>&nbsp;<\/p>\n<p>Der Linienlaser KLL-D800 ist in mehreren Modellen erh\u00e4ltlich, darunter KLL-D801R, KLL-D802R, KLL-D803R (roter Strahl) und KLL-D801G, KLL-D802G, KLL-D803G (gr\u00fcner Strahl) und bietet Vielseitigkeit, um unterschiedliche Benutzeranforderungen zu erf\u00fcllen.<\/p>\n<p>Ben\u00f6tigen Sie eine L\u00f6sung?<br \/>\nK-level bietet Beratungsleistungen f\u00fcr Vermessungsger\u00e4te an. Kontaktieren Sie uns f\u00fcr Gro\u00dfbestellungen oder technischen Support!<\/p>","protected":false},"excerpt":{"rendered":"<ul>\n<li>Der Linienlaser KLL-D800 ist ein vielseitiger, pr\u00e4ziser<\/li>\n<li>Selbstnivellierendes Kreuzlinienlaser-Wasserwaage f\u00fcr den Au\u00dfenbereich. Robustes Werkzeug, das f\u00fcr Bauprofis unverzichtbar ist.<\/li>\n<li>Der Linienlaser KLL-D800 verf\u00fcgt \u00fcber erweiterte Funktionen, einschlie\u00dflich Doppellichtoptionen.<\/li>\n<\/ul>\n<p><img decoding=\"async\" class=\"alignnone size-medium wp-image-13646\" src=\"https:\/\/k-level.com\/wp-content\/uploads\/2025\/05\/logo-300x98.png\" alt=\"\" width=\"300\" height=\"98\" srcset=\"https:\/\/k-level.com\/wp-content\/uploads\/2025\/05\/logo-300x98.png 300w, https:\/\/k-level.com\/wp-content\/uploads\/2025\/05\/logo-18x6.png 18w, https:\/\/k-level.com\/wp-content\/uploads\/2025\/05\/logo.png 307w\" sizes=\"(max-width: 300px) 100vw, 300px\" \/><\/p>","protected":false},"featured_media":14022,"comment_status":"open","ping_status":"closed","template":"","meta":[],"product_brand":[110],"product_cat":[133],"product_tag":[235],"class_list":{"0":"post-13040","1":"product","2":"type-product","3":"status-publish","4":"has-post-thumbnail","6":"product_brand-kll-d800","7":"product_cat-electronic-line-laser-for-sale","8":"product_tag-interior-decoration","10":"first","11":"instock","12":"shipping-taxable","13":"product-type-simple"},"_links":{"self":[{"href":"https:\/\/k-level.com\/de\/wp-json\/wp\/v2\/product\/13040","targetHints":{"allow":["GET"]}}],"collection":[{"href":"https:\/\/k-level.com\/de\/wp-json\/wp\/v2\/product"}],"about":[{"href":"https:\/\/k-level.com\/de\/wp-json\/wp\/v2\/types\/product"}],"replies":[{"embeddable":true,"href":"https:\/\/k-level.com\/de\/wp-json\/wp\/v2\/comments?post=13040"}],"version-history":[{"count":5,"href":"https:\/\/k-level.com\/de\/wp-json\/wp\/v2\/product\/13040\/revisions"}],"predecessor-version":[{"id":13765,"href":"https:\/\/k-level.com\/de\/wp-json\/wp\/v2\/product\/13040\/revisions\/13765"}],"wp:featuredmedia":[{"embeddable":true,"href":"https:\/\/k-level.com\/de\/wp-json\/wp\/v2\/media\/14022"}],"wp:attachment":[{"href":"https:\/\/k-level.com\/de\/wp-json\/wp\/v2\/media?parent=13040"}],"wp:term":[{"taxonomy":"product_brand","embeddable":true,"href":"https:\/\/k-level.com\/de\/wp-json\/wp\/v2\/product_brand?post=13040"},{"taxonomy":"product_cat","embeddable":true,"href":"https:\/\/k-level.com\/de\/wp-json\/wp\/v2\/product_cat?post=13040"},{"taxonomy":"product_tag","embeddable":true,"href":"https:\/\/k-level.com\/de\/wp-json\/wp\/v2\/product_tag?post=13040"}],"curies":[{"name":"wp","href":"https:\/\/api.w.org\/{rel}","templated":true}]}}