{"id":13021,"date":"2025-06-11T10:13:04","date_gmt":"2025-06-11T02:13:04","guid":{"rendered":"https:\/\/k-level.com\/?post_type=product&#038;p=13021"},"modified":"2026-03-30T09:19:22","modified_gmt":"2026-03-30T01:19:22","slug":"kll-d300-linienlaser","status":"publish","type":"product","link":"https:\/\/k-level.com\/de\/produkt\/kll-d300-linienlaser\/","title":{"rendered":"KLL-D300 Linienlaser"},"content":{"rendered":"<p>K-level pr\u00e4sentiert stolz die<strong> KLL-D300 Linienlaser<\/strong>, ein fortgeschrittenes<a href=\"https:\/\/k-level.com\/de\/geschaft\/\"> Kreuzlinienlaser-Wasserwaage selbstnivellierend<\/a> Werkzeug f\u00fcr professionelle Auftragnehmer und pr\u00e4zisionsorientierte Anwendungen.<br \/>\nDieses Hochleistungsinstrument kombiniert au\u00dfergew\u00f6hnliche Genauigkeit mit automatischer Selbstnivellierungstechnologie und ist daher ideal f\u00fcr Bau-, Innenarchitektur- und Renovierungsprojekte, die eine perfekte Ausrichtung erfordern.<\/p>\n<p>Erh\u00e4ltlich in zwei verschiedenen Strahloptionen \u2013 rot und gr\u00fcn \u2013 <a href=\"https:\/\/k-level.com\/de\/geschaft\/\">KLL-D300 Linienlaser<\/a> gew\u00e4hrleistet un\u00fcbertroffene Genauigkeit und Sichtbarkeit f\u00fcr alle Ihre Nivellierungs- und Ausrichtungsanforderungen.<\/p>\n<p>Als Pr\u00e4mie <a href=\"https:\/\/k-level.com\/de\/geschaft\/\">Selbstnivellierendes Kreuzlinienlaser-Nivellierger\u00e4t<\/a>Der KLL-D300 projiziert helle, gut sichtbare Kreuzlinien (horizontal und vertikal) mit einer Genauigkeit von \u00b10,2 mm\/m. Sein Selbstnivellierungsmechanismus (innerhalb von \u00b14\u00b0) sorgt f\u00fcr eine schnelle Einrichtung und zuverl\u00e4ssige Leistung, w\u00e4hrend der manuelle Modus bei Bedarf eine Neigungsausrichtung erm\u00f6glicht.<\/p>\n<p>&nbsp;<\/p>\n<p>&nbsp;<\/p>\n<p><img fetchpriority=\"high\" decoding=\"async\" class=\"aligncenter wp-image-13024 size-medium\" src=\"https:\/\/k-level.com\/wp-content\/uploads\/2025\/06\/KLL-3002-300x300.jpg\" alt=\"Kreuzlinienlaser-Wasserwaage selbstnivellierend\" width=\"300\" height=\"300\" srcset=\"https:\/\/k-level.com\/wp-content\/uploads\/2025\/06\/KLL-3002-300x300.jpg 300w, https:\/\/k-level.com\/wp-content\/uploads\/2025\/06\/KLL-3002-370x370.jpg 370w, https:\/\/k-level.com\/wp-content\/uploads\/2025\/06\/KLL-3002-100x100.jpg 100w, https:\/\/k-level.com\/wp-content\/uploads\/2025\/06\/KLL-3002-400x400.jpg 400w, https:\/\/k-level.com\/wp-content\/uploads\/2025\/06\/KLL-3002-150x150.jpg 150w, https:\/\/k-level.com\/wp-content\/uploads\/2025\/06\/KLL-3002-768x768.jpg 768w, https:\/\/k-level.com\/wp-content\/uploads\/2025\/06\/KLL-3002-12x12.jpg 12w, https:\/\/k-level.com\/wp-content\/uploads\/2025\/06\/KLL-3002-50x50.jpg 50w, https:\/\/k-level.com\/wp-content\/uploads\/2025\/06\/KLL-3002.jpg 800w\" sizes=\"(max-width: 300px) 100vw, 300px\" \/><\/p>\n<p>Ben\u00f6tigen Sie eine L\u00f6sung?<br \/>\nK-level bietet Beratungsleistungen f\u00fcr Vermessungsger\u00e4te an. Kontaktieren Sie uns f\u00fcr Gro\u00dfbestellungen oder technischen Support!<\/p>","protected":false},"excerpt":{"rendered":"<ul>\n<li>KLL-D300 Linienlaser garantiert Pr\u00e4zision, Effizienz<\/li>\n<li>KLL-D300 Kreuzlinienlaser-Wasserwaage mit Selbstnivellierung. Langlebigkeit \u2013 das macht ihn zum ultimativen Nivellierger\u00e4t<\/li>\n<li>Laser-Wasserwaage f\u00fcr Profis, die das Beste verlangen.<\/li>\n<\/ul>\n<p><img decoding=\"async\" class=\"alignnone size-medium wp-image-13646\" src=\"https:\/\/k-level.com\/wp-content\/uploads\/2025\/05\/logo-300x98.png\" alt=\"\" width=\"300\" height=\"98\" srcset=\"https:\/\/k-level.com\/wp-content\/uploads\/2025\/05\/logo-300x98.png 300w, https:\/\/k-level.com\/wp-content\/uploads\/2025\/05\/logo-18x6.png 18w, https:\/\/k-level.com\/wp-content\/uploads\/2025\/05\/logo.png 307w\" sizes=\"(max-width: 300px) 100vw, 300px\" \/><\/p>","protected":false},"featured_media":14020,"comment_status":"open","ping_status":"closed","template":"","meta":[],"product_brand":[256],"product_cat":[133],"product_tag":[235],"class_list":{"0":"post-13021","1":"product","2":"type-product","3":"status-publish","4":"has-post-thumbnail","6":"product_brand-kll-d300","7":"product_cat-electronic-line-laser-for-sale","8":"product_tag-interior-decoration","10":"first","11":"instock","12":"shipping-taxable","13":"product-type-simple"},"_links":{"self":[{"href":"https:\/\/k-level.com\/de\/wp-json\/wp\/v2\/product\/13021","targetHints":{"allow":["GET"]}}],"collection":[{"href":"https:\/\/k-level.com\/de\/wp-json\/wp\/v2\/product"}],"about":[{"href":"https:\/\/k-level.com\/de\/wp-json\/wp\/v2\/types\/product"}],"replies":[{"embeddable":true,"href":"https:\/\/k-level.com\/de\/wp-json\/wp\/v2\/comments?post=13021"}],"version-history":[{"count":5,"href":"https:\/\/k-level.com\/de\/wp-json\/wp\/v2\/product\/13021\/revisions"}],"predecessor-version":[{"id":13763,"href":"https:\/\/k-level.com\/de\/wp-json\/wp\/v2\/product\/13021\/revisions\/13763"}],"wp:featuredmedia":[{"embeddable":true,"href":"https:\/\/k-level.com\/de\/wp-json\/wp\/v2\/media\/14020"}],"wp:attachment":[{"href":"https:\/\/k-level.com\/de\/wp-json\/wp\/v2\/media?parent=13021"}],"wp:term":[{"taxonomy":"product_brand","embeddable":true,"href":"https:\/\/k-level.com\/de\/wp-json\/wp\/v2\/product_brand?post=13021"},{"taxonomy":"product_cat","embeddable":true,"href":"https:\/\/k-level.com\/de\/wp-json\/wp\/v2\/product_cat?post=13021"},{"taxonomy":"product_tag","embeddable":true,"href":"https:\/\/k-level.com\/de\/wp-json\/wp\/v2\/product_tag?post=13021"}],"curies":[{"name":"wp","href":"https:\/\/api.w.org\/{rel}","templated":true}]}}