{"id":3,"date":"2025-04-25T14:35:44","date_gmt":"2025-04-25T06:35:44","guid":{"rendered":"http:\/\/www.xcar.com\/?page_id=3"},"modified":"2025-12-31T11:30:21","modified_gmt":"2025-12-31T03:30:21","slug":"datenschutzrichtlinie","status":"publish","type":"page","link":"https:\/\/k-level.com\/de\/datenschutzrichtlinie\/","title":{"rendered":"Datenschutzrichtlinie"},"content":{"rendered":"<h2 class=\"wp-block-heading\">Datenschutzrichtlinie<\/h2>\n\n\n\n<p>K-Level betreibt diesen Shop und diese Website, einschlie\u00dflich aller zugeh\u00f6rigen Informationen, Inhalte, Funktionen, Tools, Produkte und Dienste, um Ihnen, dem Kunden, ein kuratiertes Einkaufserlebnis (die \u201eDienste\u201c) zu bieten.<\/p>\n\n\n\n<p>Diese Datenschutzrichtlinie beschreibt, wie wir Ihre personenbezogenen Daten erheben, verwenden und weitergeben, wenn Sie die Dienste besuchen, nutzen, einen Kauf oder eine andere Transaktion \u00fcber sie t\u00e4tigen oder anderweitig mit uns kommunizieren. Im Falle eines Konflikts zwischen unseren Servicebedingungen und dieser Datenschutzrichtlinie gilt diese Datenschutzrichtlinie hinsichtlich der Erhebung, Verarbeitung und Weitergabe Ihrer personenbezogenen Daten.<\/p>\n\n\n\n<p>Bitte lesen Sie diese Datenschutzrichtlinie sorgf\u00e4ltig durch. Durch die Nutzung und den Zugriff auf die Dienste best\u00e4tigen Sie, dass Sie diese Datenschutzrichtlinie gelesen haben und die Erhebung, Verwendung und Offenlegung Ihrer Daten gem\u00e4\u00df den Beschreibungen in dieser Datenschutzrichtlinie verstehen.<\/p>\n\n\n\n<h2 class=\"wp-block-heading\"><strong>Von uns erhobene oder verarbeitete personenbezogene Daten<\/strong><strong><\/strong><\/h2>\n\n\n\n<p>Wenn wir den Begriff \u201epersonenbezogene Daten\u201c verwenden, beziehen wir uns auf Informationen, die Sie oder eine andere Person identifizieren oder vern\u00fcnftigerweise mit Ihnen oder einer anderen Person verkn\u00fcpft werden k\u00f6nnen. Personenbezogene Daten umfassen keine Informationen, die anonym erhoben oder anonymisiert wurden, sodass sie nicht identifiziert oder vern\u00fcnftigerweise mit Ihnen verkn\u00fcpft werden k\u00f6nnen. Wir k\u00f6nnen die folgenden Kategorien personenbezogener Daten, einschlie\u00dflich der daraus gezogenen Schlussfolgerungen, erheben oder verarbeiten, je nachdem, wie Sie mit den Diensten interagieren, wo Sie leben und wie es das geltende Recht erlaubt oder vorschreibt:<\/p>\n\n\n\n<ul class=\"wp-block-list\">\n<li><strong>Kontaktdetails<\/strong>\u00a0einschlie\u00dflich Ihres Namens, Ihrer Adresse, Rechnungsadresse, Lieferadresse, Telefonnummer und E-Mail-Adresse.<\/li>\n\n\n\n<li><strong>Finanzielle Informationen<\/strong>\u00a0einschlie\u00dflich Kreditkarten-, Debitkarten- und Bankkontonummern, Zahlungskarteninformationen, Bankkontoinformationen, Transaktionsdetails, Zahlungsart, Zahlungsbest\u00e4tigung und andere Zahlungsdetails.<\/li>\n\n\n\n<li><strong>Kontoinformationen<\/strong>\u00a0einschlie\u00dflich Ihres Benutzernamens, Passworts, Sicherheitsfragen, Pr\u00e4ferenzen und Einstellungen.<\/li>\n\n\n\n<li><strong>Transaktionsinformationen<\/strong>\u00a0einschlie\u00dflich der Artikel, die Sie ansehen, in Ihren Einkaufswagen legen, zu Ihrer Wunschliste hinzuf\u00fcgen oder kaufen, zur\u00fcckgeben, umtauschen oder stornieren, sowie Ihrer vergangenen Transaktionen.<\/li>\n\n\n\n<li><strong>Kommunikation mit uns<\/strong>\u00a0einschlie\u00dflich der Informationen, die Sie in der Kommunikation mit uns angeben, beispielsweise wenn Sie eine Kundensupportanfrage senden.<\/li>\n\n\n\n<li><strong>Ger\u00e4teinformationen<\/strong>\u00a0einschlie\u00dflich Informationen zu Ihrem Ger\u00e4t, Browser oder Ihrer Netzwerkverbindung, Ihrer IP-Adresse und anderen eindeutigen Kennungen.<\/li>\n\n\n\n<li><strong>Nutzungsinformationen<\/strong>\u00a0einschlie\u00dflich Informationen zu Ihrer Interaktion mit den Diensten, einschlie\u00dflich wie und wann Sie mit den Diensten interagieren oder in ihnen navigieren.<\/li>\n<\/ul>\n\n\n\n<h2 class=\"wp-block-heading\"><strong>Pers\u00f6nliche Informationsquellen<\/strong><strong><\/strong><\/h2>\n\n\n\n<p>Wir k\u00f6nnen personenbezogene Daten aus den folgenden Quellen erfassen:<\/p>\n\n\n\n<ul class=\"wp-block-list\">\n<li><strong>Direkt von Ihnen<\/strong>\u00a0einschlie\u00dflich wenn Sie ein Konto erstellen, die Dienste besuchen oder nutzen, mit uns kommunizieren oder uns anderweitig Ihre personenbezogenen Daten zur Verf\u00fcgung stellen;<\/li>\n\n\n\n<li><strong>Automatisch \u00fcber die Dienste<\/strong>\u00a0einschlie\u00dflich von Ihrem Ger\u00e4t, wenn Sie unsere Produkte oder Dienstleistungen nutzen oder unsere Websites besuchen, und durch die Verwendung von Cookies und \u00e4hnlichen Technologien;<\/li>\n\n\n\n<li><strong>Von unseren Dienstleistern<\/strong>\u00a0Dies gilt auch, wenn wir sie mit der Aktivierung bestimmter Technologien beauftragen und wenn sie Ihre personenbezogenen Daten in unserem Namen erfassen oder verarbeiten;<\/li>\n\n\n\n<li><strong>Von unseren Partnern oder anderen Dritten.<\/strong><\/li>\n<\/ul>\n\n\n\n<h2 class=\"wp-block-heading\"><strong>Wie wir Ihre personenbezogenen Daten verwenden<\/strong><strong><\/strong><\/h2>\n\n\n\n<p>Je nachdem, wie Sie mit uns interagieren oder welche Dienste Sie nutzen, k\u00f6nnen wir personenbezogene Daten f\u00fcr die folgenden Zwecke verwenden:<\/p>\n\n\n\n<ul class=\"wp-block-list\">\n<li><strong>Bereitstellung, Anpassung und Verbesserung der Dienste.<\/strong>\u00a0Wir verwenden Ihre personenbezogenen Daten, um Ihnen die Dienste bereitzustellen, einschlie\u00dflich der Erf\u00fcllung unseres Vertrags mit Ihnen, der Verarbeitung Ihrer Zahlungen, der Ausf\u00fchrung Ihrer Bestellungen, der Speicherung Ihrer Pr\u00e4ferenzen und der Artikel, an denen Sie interessiert sind, des Versands von Benachrichtigungen zu Ihrem Konto, der Abwicklung von K\u00e4ufen, R\u00fccksendungen, Umtausch oder anderen Transaktionen, der Erstellung, Pflege und sonstigen Verwaltung Ihres Kontos, der Organisation des Versands, der Erleichterung von R\u00fccksendungen und Umtausch, der Erm\u00f6glichung der Ver\u00f6ffentlichung von Bewertungen und der Schaffung eines individuellen Einkaufserlebnisses f\u00fcr Sie, beispielsweise der Empfehlung von Produkten im Zusammenhang mit Ihren Eink\u00e4ufen. Dies kann die Verwendung Ihrer personenbezogenen Daten zur besseren Anpassung und Verbesserung der Dienste beinhalten.<\/li>\n\n\n\n<li><strong>Marketing und Werbung.<\/strong>\u00a0Wir verwenden Ihre personenbezogenen Daten f\u00fcr Marketing- und Werbezwecke, beispielsweise um Marketing-, Werbe- und Verkaufsf\u00f6rderungsmitteilungen per E-Mail, SMS oder Post zu versenden und um Ihnen Online-Werbung f\u00fcr Produkte oder Dienstleistungen auf den Diensten oder anderen Websites anzuzeigen, auch basierend auf Artikeln, die Sie zuvor gekauft oder in Ihren Einkaufswagen gelegt haben, und anderen Aktivit\u00e4ten auf den Diensten.<\/li>\n\n\n\n<li><strong>Sicherheit und Betrugspr\u00e4vention.<\/strong>\u00a0Wir verwenden Ihre personenbezogenen Daten, um Ihr Konto zu authentifizieren, ein sicheres Zahlungs- und Einkaufserlebnis zu gew\u00e4hrleisten, m\u00f6gliche betr\u00fcgerische, illegale, unsichere oder b\u00f6swillige Aktivit\u00e4ten zu erkennen, zu untersuchen und entsprechende Ma\u00dfnahmen zu ergreifen, die \u00f6ffentliche Sicherheit zu sch\u00fctzen und unsere Dienste zu sichern. Wenn Sie die Dienste nutzen und ein Konto registrieren, sind Sie f\u00fcr die Sicherheit Ihrer Kontoanmeldeinformationen verantwortlich. Wir empfehlen Ihnen dringend, Ihren Benutzernamen, Ihr Passwort oder andere Zugangsdaten nicht an Dritte weiterzugeben.<\/li>\n\n\n\n<li><strong>Kommunikation mit Ihnen.<\/strong>\u00a0Wir verwenden Ihre personenbezogenen Daten, um Ihnen Kundensupport zu bieten, auf Ihre Anfragen zu reagieren, Ihnen effektive Dienste bereitzustellen und unsere Gesch\u00e4ftsbeziehung mit Ihnen aufrechtzuerhalten.<\/li>\n\n\n\n<li><strong>Rechtliche Gr\u00fcnde.<\/strong>\u00a0Wir verwenden Ihre personenbezogenen Daten, um geltendes Recht einzuhalten oder auf g\u00fcltige Rechtsverfahren zu reagieren, einschlie\u00dflich Anfragen von Strafverfolgungs- oder Regierungsbeh\u00f6rden, um zivilrechtliche Offenlegungsverfahren, potenzielle oder tats\u00e4chliche Rechtsstreitigkeiten oder andere kontradiktorische Rechtsverfahren zu untersuchen oder daran teilzunehmen und um potenzielle Verst\u00f6\u00dfe gegen unsere Bedingungen oder Richtlinien durchzusetzen oder zu untersuchen.<\/li>\n<\/ul>\n\n\n\n<h2 class=\"wp-block-heading\"><strong>Wie wir personenbezogene Daten weitergeben<\/strong><strong><\/strong><\/h2>\n\n\n\n<p>Unter bestimmten Umst\u00e4nden k\u00f6nnen wir Ihre personenbezogenen Daten zu legitimen Zwecken gem\u00e4\u00df dieser Datenschutzrichtlinie an Dritte weitergeben. Zu diesen Umst\u00e4nden k\u00f6nnen geh\u00f6ren:<\/p>\n\n\n\n<ul class=\"wp-block-list\">\n<li>Mit Anbietern und anderen Drittanbietern, die in unserem Auftrag Dienstleistungen erbringen (z. B. IT-Management, Zahlungsabwicklung, Datenanalyse, Kundensupport, Cloud-Speicher, Auftragsabwicklung und Versand).<\/li>\n\n\n\n<li>Mit Gesch\u00e4fts- und Marketingpartnern, um Ihnen Marketingdienste bereitzustellen und Werbung f\u00fcr Sie zu machen.<\/li>\n\n\n\n<li>Wenn Sie uns anweisen, auffordern oder anderweitig der Weitergabe bestimmter Informationen an Dritte zustimmen, beispielsweise um Ihnen Produkte zuzusenden oder durch Ihre Verwendung von Social-Media-Widgets oder Login-Integrationen.<\/li>\n\n\n\n<li>Mit unseren verbundenen Unternehmen oder anderweitig innerhalb unserer Unternehmensgruppe.<\/li>\n\n\n\n<li>Im Zusammenhang mit einer Gesch\u00e4ftstransaktion wie einer Fusion oder einem Konkurs, um allen geltenden gesetzlichen Verpflichtungen nachzukommen (einschlie\u00dflich der Beantwortung von Vorladungen, Durchsuchungsbefehlen und \u00e4hnlichen Anfragen), um alle geltenden Servicebedingungen oder Richtlinien durchzusetzen und um die Dienste, unsere Rechte und die Rechte unserer Benutzer oder anderer zu sch\u00fctzen oder zu verteidigen.<\/li>\n<\/ul>\n\n\n\n<h2 class=\"wp-block-heading\"><strong>Websites und Links von Drittanbietern<\/strong><strong><\/strong><\/h2>\n\n\n\n<p>Die Dienste k\u00f6nnen Links zu Websites oder anderen Online-Plattformen enthalten, die von Dritten betrieben werden. Wenn Sie Links zu Websites folgen, die nicht mit uns verbunden sind oder von uns kontrolliert werden, sollten Sie deren Datenschutz- und Sicherheitsrichtlinien sowie sonstige Gesch\u00e4ftsbedingungen pr\u00fcfen. Wir \u00fcbernehmen keine Garantie oder Verantwortung f\u00fcr den Datenschutz oder die Sicherheit solcher Websites, einschlie\u00dflich der Richtigkeit, Vollst\u00e4ndigkeit oder Zuverl\u00e4ssigkeit der dort enthaltenen Informationen. Informationen, die Sie an \u00f6ffentlichen oder halb-\u00f6ffentlichen Orten bereitstellen, einschlie\u00dflich Informationen, die Sie auf Social-Networking-Plattformen Dritter teilen, k\u00f6nnen auch f\u00fcr andere Nutzer der Dienste und\/oder Nutzer dieser Plattformen Dritter einsehbar sein, ohne Einschr\u00e4nkung hinsichtlich ihrer Nutzung durch uns oder Dritte. Die Aufnahme solcher Links durch uns stellt f\u00fcr sich genommen keine Billigung der Inhalte solcher Plattformen oder ihrer Eigent\u00fcmer oder Betreiber dar, au\u00dfer wie in den Diensten offengelegt.<\/p>\n\n\n\n<h2 class=\"wp-block-heading\"><strong>Daten von Kindern<\/strong><strong><\/strong><\/h2>\n\n\n\n<p>Die Dienste sind nicht f\u00fcr die Nutzung durch Kinder bestimmt, und wir erfassen wissentlich keine personenbezogenen Daten von Kindern unter dem in Ihrem Rechtsraum geltenden Vollj\u00e4hrigkeitsalter. Wenn Sie Elternteil oder Erziehungsberechtigter eines Kindes sind, das uns seine personenbezogenen Daten zur Verf\u00fcgung gestellt hat, k\u00f6nnen Sie uns \u00fcber die unten angegebenen Kontaktdaten kontaktieren und die L\u00f6schung dieser Daten verlangen. Zum Zeitpunkt des Inkrafttretens dieser Datenschutzrichtlinie ist uns nicht bekannt, dass wir personenbezogene Daten von Personen unter 16 Jahren \u201eweitergeben\u201c oder \u201everkaufen\u201c (wie diese Begriffe im geltenden Recht definiert sind).<\/p>\n\n\n\n<h2 class=\"wp-block-heading\"><strong>Sicherheit und Aufbewahrung Ihrer Daten<\/strong><strong><\/strong><\/h2>\n\n\n\n<p>Bitte beachten Sie, dass keine Sicherheitsma\u00dfnahmen perfekt oder undurchdringlich sind und wir keine \u201evollkommene Sicherheit\u201c garantieren k\u00f6nnen. Dar\u00fcber hinaus sind die von Ihnen an uns gesendeten Informationen w\u00e4hrend der \u00dcbertragung m\u00f6glicherweise nicht sicher. Wir empfehlen Ihnen, keine unsicheren Kan\u00e4le zu verwenden, um uns sensible oder vertrauliche Informationen mitzuteilen.<\/p>\n\n\n\n<p>Wie lange wir Ihre personenbezogenen Daten aufbewahren, h\u00e4ngt von verschiedenen Faktoren ab, beispielsweise davon, ob wir die Informationen ben\u00f6tigen, um Ihr Konto zu verwalten, Ihnen Dienste bereitzustellen, gesetzlichen Verpflichtungen nachzukommen, Streitigkeiten beizulegen oder andere geltende Vertr\u00e4ge und Richtlinien durchzusetzen.<\/p>\n\n\n\n<h2 class=\"wp-block-heading\"><strong>Ihre Rechte und Wahlm\u00f6glichkeiten<\/strong><strong><\/strong><\/h2>\n\n\n\n<p>Je nach Wohnort stehen Ihnen einige oder alle der unten aufgef\u00fchrten Rechte in Bezug auf Ihre personenbezogenen Daten zu. Diese Rechte sind jedoch nicht uneingeschr\u00e4nkt und gelten nur unter bestimmten Umst\u00e4nden. In bestimmten F\u00e4llen k\u00f6nnen wir Ihre Anfrage im gesetzlich zul\u00e4ssigen Rahmen ablehnen.<\/p>\n\n\n\n<ul class=\"wp-block-list\">\n<li><strong>Recht auf Zugang\/Wissen.<\/strong>\u00a0Sie haben m\u00f6glicherweise das Recht, Zugriff auf die personenbezogenen Daten zu verlangen, die wir \u00fcber Sie gespeichert haben.<\/li>\n\n\n\n<li><strong>Recht auf L\u00f6schung.<\/strong>\u00a0Sie haben m\u00f6glicherweise das Recht, die L\u00f6schung der von uns \u00fcber Sie gespeicherten personenbezogenen Daten zu verlangen.<\/li>\n\n\n\n<li><strong>Recht auf Berichtigung.<\/strong>\u00a0Sie haben m\u00f6glicherweise das Recht, von uns die Berichtigung unrichtiger personenbezogener Daten zu verlangen, die wir \u00fcber Sie gespeichert haben.<\/li>\n\n\n\n<li><strong>Recht auf Portabilit\u00e4t.<\/strong>\u00a0Sie haben m\u00f6glicherweise das Recht, eine Kopie der personenbezogenen Daten zu erhalten, die wir \u00fcber Sie gespeichert haben, und unter bestimmten Umst\u00e4nden und mit bestimmten Ausnahmen zu verlangen, dass wir diese Daten an Dritte \u00fcbertragen.<\/li>\n\n\n\n<li><strong>Recht auf Ablehnung des Verkaufs oder der Weitergabe f\u00fcr gezielte Werbung.<\/strong>\u00a0Abh\u00e4ngig von Ihrem Wohnsitz haben Sie m\u00f6glicherweise das Recht, dem \u201eVerkauf\u201c oder der \u201eWeitergabe\u201c Ihrer personenbezogenen Daten zu widersprechen oder der Verarbeitung Ihrer personenbezogenen Daten f\u00fcr Zwecke zu widersprechen, die als \u201egezielte Werbung\u201c im Sinne der geltenden Datenschutzgesetze gelten.<\/li>\n\n\n\n<li><strong>Verwalten von Kommunikationseinstellungen.<\/strong>\u00a0Wir senden Ihnen ggf. Werbe-E-Mails. Sie k\u00f6nnen den Erhalt dieser E-Mails jederzeit \u00fcber die in unseren E-Mails angezeigte Abmeldeoption abbestellen. Wenn Sie sich abmelden, senden wir Ihnen ggf. weiterhin nicht-werbliche E-Mails, z. B. zu Ihrem Konto oder Ihren Bestellungen.<\/li>\n<\/ul>\n\n\n\n<p><strong>Wenn Sie im Vereinigten K\u00f6nigreich oder im Europ\u00e4ischen Wirtschaftsraum wohnen,<\/strong>&nbsp;und vorbehaltlich der Ausnahmen und Beschr\u00e4nkungen der \u00f6rtlichen Gesetze k\u00f6nnen Sie zus\u00e4tzlich zu den oben genannten Rechten die folgenden Rechte aus\u00fcben:<\/p>\n\n\n\n<ul class=\"wp-block-list\">\n<li><strong>Widerspruch gegen die Verarbeitung und Einschr\u00e4nkung der Verarbeitung:<\/strong>\u00a0Sie haben m\u00f6glicherweise das Recht, uns aufzufordern, die Verarbeitung personenbezogener Daten f\u00fcr bestimmte Zwecke einzustellen oder einzuschr\u00e4nken.<\/li>\n\n\n\n<li><strong>Widerruf der Einwilligung:<\/strong>\u00a0Sofern wir Ihre personenbezogenen Daten auf Ihre Einwilligung zur Verarbeitung st\u00fctzen, haben Sie das Recht, diese Einwilligung zu widerrufen. Der Widerruf Ihrer Einwilligung ber\u00fchrt nicht die Rechtm\u00e4\u00dfigkeit der aufgrund Ihrer Einwilligung bis zum Widerruf erfolgten Verarbeitung.<\/li>\n<\/ul>\n\n\n\n<p>Sie k\u00f6nnen diese Rechte wie in den Diensten angegeben aus\u00fcben oder indem Sie uns \u00fcber die unten angegebenen Kontaktdaten kontaktieren.<\/p>\n\n\n\n<p>Wir werden Sie nicht diskriminieren, wenn Sie eines dieser Rechte aus\u00fcben. Gegebenenfalls m\u00fcssen wir Ihre Identit\u00e4t \u00fcberpr\u00fcfen, bevor wir Ihre Anfragen bearbeiten k\u00f6nnen, soweit dies nach geltendem Recht zul\u00e4ssig oder erforderlich ist. Gem\u00e4\u00df geltendem Recht k\u00f6nnen Sie einen bevollm\u00e4chtigten Vertreter benennen, der in Ihrem Namen Anfragen zur Aus\u00fcbung Ihrer Rechte stellt. Bevor wir eine solche Anfrage eines Vertreters annehmen, verlangen wir von diesem einen Nachweis Ihrer Vollmacht, in Ihrem Namen zu handeln. Gegebenenfalls m\u00fcssen Sie Ihre Identit\u00e4t direkt bei uns nachweisen. Wir werden Ihre Anfrage zeitnah beantworten, wie es das geltende Recht vorschreibt.<\/p>\n\n\n\n<h2 class=\"wp-block-heading\"><strong>Beschwerden<\/strong><strong><\/strong><\/h2>\n\n\n\n<p>Wenn Sie Beschwerden \u00fcber die Verarbeitung Ihrer personenbezogenen Daten haben, kontaktieren Sie uns bitte \u00fcber die unten angegebenen Kontaktdaten. Je nach Ihrem Wohnort haben Sie m\u00f6glicherweise das Recht, gegen unsere Entscheidung Einspruch einzulegen, indem Sie uns \u00fcber die unten angegebenen Kontaktdaten kontaktieren oder Ihre Beschwerde bei Ihrer lokalen Datenschutzbeh\u00f6rde einreichen. F\u00fcr den EWR finden Sie eine Liste der zust\u00e4ndigen Datenschutzaufsichtsbeh\u00f6rden <a href=\"https:\/\/edpb.europa.eu\/about-edpb\/about-edpb\/members\" target=\"_blank\" rel=\"noopener\"><u>Hier<\/u><\/a>.<\/p>\n\n\n\n<h2 class=\"wp-block-heading\"><strong>Internationale \u00dcbertragungen<\/strong><strong><\/strong><\/h2>\n\n\n\n<p>Bitte beachten Sie, dass wir Ihre personenbezogenen Daten m\u00f6glicherweise au\u00dferhalb des Landes \u00fcbertragen, speichern und verarbeiten, in dem Sie leben.<\/p>\n\n\n\n<p>Wenn wir Ihre personenbezogenen Daten aus dem Europ\u00e4ischen Wirtschaftsraum oder dem Vereinigten K\u00f6nigreich \u00fcbermitteln, st\u00fctzen wir uns auf anerkannte \u00dcbermittlungsmechanismen wie die Standardvertragsklauseln der Europ\u00e4ischen Kommission oder gleichwertige Vertr\u00e4ge der jeweils zust\u00e4ndigen Beh\u00f6rde des Vereinigten K\u00f6nigreichs, sofern zutreffend, es sei denn, die Daten\u00fcbertragung erfolgt in ein Land, das nachweislich ein angemessenes Schutzniveau bietet.<\/p>\n\n\n\n<h2 class=\"wp-block-heading\"><strong>\u00c4nderungen dieser Datenschutzrichtlinie<\/strong><strong><\/strong><\/h2>\n\n\n\n<p>Wir behalten uns das Recht vor, diese Datenschutzrichtlinie gelegentlich zu aktualisieren, um \u00c4nderungen unserer Praktiken oder andere betriebliche, rechtliche oder regulatorische Gr\u00fcnde zu ber\u00fccksichtigen. Wir ver\u00f6ffentlichen die \u00fcberarbeitete Datenschutzrichtlinie auf dieser Website, aktualisieren das Datum der letzten Aktualisierung und informieren Sie gem\u00e4\u00df den geltenden Gesetzen dar\u00fcber.<\/p>\n\n\n\n<h2 class=\"wp-block-heading\"><strong>Kontakt<\/strong><strong><\/strong><\/h2>\n\n\n\n<p>Wenn Sie Fragen zu unseren Datenschutzpraktiken oder dieser Datenschutzrichtlinie haben oder wenn Sie eines der Ihnen zustehenden Rechte aus\u00fcben m\u00f6chten, rufen Sie uns bitte an oder senden Sie uns eine E-Mail an M@K-LEVEL.COM oder kontaktieren Sie uns unter Nr. 1, Hexie Road, Heshu Village, Lijia Town Chang Zhou Shi, 213152 Jiangsu, CN. Im Sinne der geltenden Datenschutzgesetze sind wir der Datenverantwortliche f\u00fcr Ihre personenbezogenen Daten.<\/p>\n\n\n\n<p>Zuletzt aktualisiert: 21. Juli 2025<\/p>\n\n\n\n<p><\/p>","protected":false},"excerpt":{"rendered":"<p>Privacy Policy K-Level\u00a0operates this store and website, including all related information, content, features, tools, products and services, in order to provide you, the customer, with a curated shopping experience (the &#8220;Services&#8221;). This Privacy Policy describes how we collect, use, and disclose your personal information when you visit, use, or make a purchase or other transaction [&hellip;]<\/p>","protected":false},"author":1,"featured_media":0,"parent":0,"menu_order":0,"comment_status":"closed","ping_status":"open","template":"","meta":{"footnotes":""},"class_list":["post-3","page","type-page","status-publish","hentry"],"_links":{"self":[{"href":"https:\/\/k-level.com\/de\/wp-json\/wp\/v2\/pages\/3","targetHints":{"allow":["GET"]}}],"collection":[{"href":"https:\/\/k-level.com\/de\/wp-json\/wp\/v2\/pages"}],"about":[{"href":"https:\/\/k-level.com\/de\/wp-json\/wp\/v2\/types\/page"}],"author":[{"embeddable":true,"href":"https:\/\/k-level.com\/de\/wp-json\/wp\/v2\/users\/1"}],"replies":[{"embeddable":true,"href":"https:\/\/k-level.com\/de\/wp-json\/wp\/v2\/comments?post=3"}],"version-history":[{"count":2,"href":"https:\/\/k-level.com\/de\/wp-json\/wp\/v2\/pages\/3\/revisions"}],"predecessor-version":[{"id":13879,"href":"https:\/\/k-level.com\/de\/wp-json\/wp\/v2\/pages\/3\/revisions\/13879"}],"wp:attachment":[{"href":"https:\/\/k-level.com\/de\/wp-json\/wp\/v2\/media?parent=3"}],"curies":[{"name":"wp","href":"https:\/\/api.w.org\/{rel}","templated":true}]}}